{"id":10960,"date":"2020-06-04T15:57:01","date_gmt":"2020-06-04T13:57:01","guid":{"rendered":"https:\/\/pubfrancois.fr\/shop\/?post_type=product&#038;p=10960"},"modified":"2020-06-04T15:59:12","modified_gmt":"2020-06-04T13:59:12","slug":"totem-support-gel-hydroalcoolique","status":"publish","type":"product","link":"https:\/\/pubfrancois.fr\/shop\/product\/totem-support-gel-hydroalcoolique\/","title":{"rendered":"Totem support gel hydroalcoolique"},"content":{"rendered":"","protected":false},"excerpt":{"rendered":"<p>Totem en PVC 10 mm teint\u00e9 masse noir de 200 x 200 x 1500 mm avec impression num\u00e9rique adh\u00e9sif polym\u00e8re et plastification mat.<br \/>\nTablette hauteur 900 mm pour positionner votre flacon de gel hydroalcoolique (non fourni)<br \/>\nLivr\u00e9 non mont\u00e9 (montage facile sans outils)<\/p>\n","protected":false},"featured_media":10844,"template":"","meta":[],"product_cat":[149,187],"product_tag":[],"yoast_head":"<!-- This site is optimized with the Yoast SEO plugin v24.5 - https:\/\/yoast.com\/wordpress\/plugins\/seo\/ -->\n<title>Totem support gel hydroalcoolique - Publicit\u00e9 Fran\u00e7ois Shop<\/title>\n<meta name=\"robots\" content=\"index, follow, max-snippet:-1, max-image-preview:large, max-video-preview:-1\" \/>\n<link rel=\"canonical\" href=\"https:\/\/pubfrancois.fr\/shop\/product\/totem-support-gel-hydroalcoolique\/\" \/>\n<meta property=\"og:locale\" content=\"fr_FR\" \/>\n<meta property=\"og:type\" content=\"article\" \/>\n<meta property=\"og:title\" content=\"Totem support gel hydroalcoolique - Publicit\u00e9 Fran\u00e7ois Shop\" \/>\n<meta property=\"og:description\" content=\"Totem en PVC 10 mm teint\u00e9 masse noir de 200 x 200 x 1500 mm avec impression num\u00e9rique adh\u00e9sif polym\u00e8re et plastification mat. Tablette hauteur 900 mm pour positionner votre flacon de gel hydroalcoolique (non fourni) Livr\u00e9 non mont\u00e9 (montage facile sans outils)\" \/>\n<meta property=\"og:url\" content=\"https:\/\/pubfrancois.fr\/shop\/product\/totem-support-gel-hydroalcoolique\/\" \/>\n<meta property=\"og:site_name\" content=\"Publicit\u00e9 Fran\u00e7ois Shop\" \/>\n<meta property=\"article:modified_time\" content=\"2020-06-04T13:59:12+00:00\" \/>\n<meta property=\"og:image\" content=\"https:\/\/pubfrancois.fr\/shop\/wp-content\/uploads\/2020\/05\/TOTEM-GEL-HYDROALCOOLIQUE-1.jpg\" \/>\n\t<meta property=\"og:image:width\" content=\"1000\" \/>\n\t<meta property=\"og:image:height\" content=\"707\" \/>\n\t<meta property=\"og:image:type\" content=\"image\/jpeg\" \/>\n<meta name=\"twitter:card\" content=\"summary_large_image\" \/>\n<script type=\"application\/ld+json\" class=\"yoast-schema-graph\">{\"@context\":\"https:\/\/schema.org\",\"@graph\":[{\"@type\":\"WebPage\",\"@id\":\"https:\/\/pubfrancois.fr\/shop\/product\/totem-support-gel-hydroalcoolique\/\",\"url\":\"https:\/\/pubfrancois.fr\/shop\/product\/totem-support-gel-hydroalcoolique\/\",\"name\":\"Totem support gel hydroalcoolique - Publicit\u00e9 Fran\u00e7ois Shop\",\"isPartOf\":{\"@id\":\"https:\/\/pubfrancois.fr\/shop\/#website\"},\"primaryImageOfPage\":{\"@id\":\"https:\/\/pubfrancois.fr\/shop\/product\/totem-support-gel-hydroalcoolique\/#primaryimage\"},\"image\":{\"@id\":\"https:\/\/pubfrancois.fr\/shop\/product\/totem-support-gel-hydroalcoolique\/#primaryimage\"},\"thumbnailUrl\":\"https:\/\/pubfrancois.fr\/shop\/wp-content\/uploads\/2020\/05\/TOTEM-GEL-HYDROALCOOLIQUE-1.jpg\",\"datePublished\":\"2020-06-04T13:57:01+00:00\",\"dateModified\":\"2020-06-04T13:59:12+00:00\",\"breadcrumb\":{\"@id\":\"https:\/\/pubfrancois.fr\/shop\/product\/totem-support-gel-hydroalcoolique\/#breadcrumb\"},\"inLanguage\":\"fr-FR\",\"potentialAction\":[{\"@type\":\"ReadAction\",\"target\":[\"https:\/\/pubfrancois.fr\/shop\/product\/totem-support-gel-hydroalcoolique\/\"]}]},{\"@type\":\"ImageObject\",\"inLanguage\":\"fr-FR\",\"@id\":\"https:\/\/pubfrancois.fr\/shop\/product\/totem-support-gel-hydroalcoolique\/#primaryimage\",\"url\":\"https:\/\/pubfrancois.fr\/shop\/wp-content\/uploads\/2020\/05\/TOTEM-GEL-HYDROALCOOLIQUE-1.jpg\",\"contentUrl\":\"https:\/\/pubfrancois.fr\/shop\/wp-content\/uploads\/2020\/05\/TOTEM-GEL-HYDROALCOOLIQUE-1.jpg\",\"width\":1000,\"height\":707},{\"@type\":\"BreadcrumbList\",\"@id\":\"https:\/\/pubfrancois.fr\/shop\/product\/totem-support-gel-hydroalcoolique\/#breadcrumb\",\"itemListElement\":[{\"@type\":\"ListItem\",\"position\":1,\"name\":\"Accueil\",\"item\":\"https:\/\/pubfrancois.fr\/shop\/\"},{\"@type\":\"ListItem\",\"position\":2,\"name\":\"boutique\",\"item\":\"https:\/\/pubfrancois.fr\/shop\/shop\/\"},{\"@type\":\"ListItem\",\"position\":3,\"name\":\"Totem support gel hydroalcoolique\"}]},{\"@type\":\"WebSite\",\"@id\":\"https:\/\/pubfrancois.fr\/shop\/#website\",\"url\":\"https:\/\/pubfrancois.fr\/shop\/\",\"name\":\"Publicit\u00e9 Fran\u00e7ois Shop\",\"description\":\"Enseignes et signal\u00e9tique \u00e0 Saint-L\u00f4\",\"publisher\":{\"@id\":\"https:\/\/pubfrancois.fr\/shop\/#organization\"},\"potentialAction\":[{\"@type\":\"SearchAction\",\"target\":{\"@type\":\"EntryPoint\",\"urlTemplate\":\"https:\/\/pubfrancois.fr\/shop\/?s={search_term_string}\"},\"query-input\":{\"@type\":\"PropertyValueSpecification\",\"valueRequired\":true,\"valueName\":\"search_term_string\"}}],\"inLanguage\":\"fr-FR\"},{\"@type\":\"Organization\",\"@id\":\"https:\/\/pubfrancois.fr\/shop\/#organization\",\"name\":\"Publicite Frann\u00e7ois\",\"url\":\"https:\/\/pubfrancois.fr\/shop\/\",\"logo\":{\"@type\":\"ImageObject\",\"inLanguage\":\"fr-FR\",\"@id\":\"https:\/\/pubfrancois.fr\/shop\/#\/schema\/logo\/image\/\",\"url\":\"https:\/\/pubfrancois.fr\/shop\/wp-content\/uploads\/2020\/04\/logo-pub-francois.png\",\"contentUrl\":\"https:\/\/pubfrancois.fr\/shop\/wp-content\/uploads\/2020\/04\/logo-pub-francois.png\",\"width\":270,\"height\":106,\"caption\":\"Publicite Frann\u00e7ois\"},\"image\":{\"@id\":\"https:\/\/pubfrancois.fr\/shop\/#\/schema\/logo\/image\/\"}}]}<\/script>\n<!-- \/ Yoast SEO plugin. -->","yoast_head_json":{"title":"Totem support gel hydroalcoolique - Publicit\u00e9 Fran\u00e7ois Shop","robots":{"index":"index","follow":"follow","max-snippet":"max-snippet:-1","max-image-preview":"max-image-preview:large","max-video-preview":"max-video-preview:-1"},"canonical":"https:\/\/pubfrancois.fr\/shop\/product\/totem-support-gel-hydroalcoolique\/","og_locale":"fr_FR","og_type":"article","og_title":"Totem support gel hydroalcoolique - Publicit\u00e9 Fran\u00e7ois Shop","og_description":"Totem en PVC 10 mm teint\u00e9 masse noir de 200 x 200 x 1500 mm avec impression num\u00e9rique adh\u00e9sif polym\u00e8re et plastification mat. Tablette hauteur 900 mm pour positionner votre flacon de gel hydroalcoolique (non fourni) Livr\u00e9 non mont\u00e9 (montage facile sans outils)","og_url":"https:\/\/pubfrancois.fr\/shop\/product\/totem-support-gel-hydroalcoolique\/","og_site_name":"Publicit\u00e9 Fran\u00e7ois Shop","article_modified_time":"2020-06-04T13:59:12+00:00","og_image":[{"width":1000,"height":707,"url":"https:\/\/pubfrancois.fr\/shop\/wp-content\/uploads\/2020\/05\/TOTEM-GEL-HYDROALCOOLIQUE-1.jpg","type":"image\/jpeg"}],"twitter_card":"summary_large_image","schema":{"@context":"https:\/\/schema.org","@graph":[{"@type":"WebPage","@id":"https:\/\/pubfrancois.fr\/shop\/product\/totem-support-gel-hydroalcoolique\/","url":"https:\/\/pubfrancois.fr\/shop\/product\/totem-support-gel-hydroalcoolique\/","name":"Totem support gel hydroalcoolique - Publicit\u00e9 Fran\u00e7ois Shop","isPartOf":{"@id":"https:\/\/pubfrancois.fr\/shop\/#website"},"primaryImageOfPage":{"@id":"https:\/\/pubfrancois.fr\/shop\/product\/totem-support-gel-hydroalcoolique\/#primaryimage"},"image":{"@id":"https:\/\/pubfrancois.fr\/shop\/product\/totem-support-gel-hydroalcoolique\/#primaryimage"},"thumbnailUrl":"https:\/\/pubfrancois.fr\/shop\/wp-content\/uploads\/2020\/05\/TOTEM-GEL-HYDROALCOOLIQUE-1.jpg","datePublished":"2020-06-04T13:57:01+00:00","dateModified":"2020-06-04T13:59:12+00:00","breadcrumb":{"@id":"https:\/\/pubfrancois.fr\/shop\/product\/totem-support-gel-hydroalcoolique\/#breadcrumb"},"inLanguage":"fr-FR","potentialAction":[{"@type":"ReadAction","target":["https:\/\/pubfrancois.fr\/shop\/product\/totem-support-gel-hydroalcoolique\/"]}]},{"@type":"ImageObject","inLanguage":"fr-FR","@id":"https:\/\/pubfrancois.fr\/shop\/product\/totem-support-gel-hydroalcoolique\/#primaryimage","url":"https:\/\/pubfrancois.fr\/shop\/wp-content\/uploads\/2020\/05\/TOTEM-GEL-HYDROALCOOLIQUE-1.jpg","contentUrl":"https:\/\/pubfrancois.fr\/shop\/wp-content\/uploads\/2020\/05\/TOTEM-GEL-HYDROALCOOLIQUE-1.jpg","width":1000,"height":707},{"@type":"BreadcrumbList","@id":"https:\/\/pubfrancois.fr\/shop\/product\/totem-support-gel-hydroalcoolique\/#breadcrumb","itemListElement":[{"@type":"ListItem","position":1,"name":"Accueil","item":"https:\/\/pubfrancois.fr\/shop\/"},{"@type":"ListItem","position":2,"name":"boutique","item":"https:\/\/pubfrancois.fr\/shop\/shop\/"},{"@type":"ListItem","position":3,"name":"Totem support gel hydroalcoolique"}]},{"@type":"WebSite","@id":"https:\/\/pubfrancois.fr\/shop\/#website","url":"https:\/\/pubfrancois.fr\/shop\/","name":"Publicit\u00e9 Fran\u00e7ois Shop","description":"Enseignes et signal\u00e9tique \u00e0 Saint-L\u00f4","publisher":{"@id":"https:\/\/pubfrancois.fr\/shop\/#organization"},"potentialAction":[{"@type":"SearchAction","target":{"@type":"EntryPoint","urlTemplate":"https:\/\/pubfrancois.fr\/shop\/?s={search_term_string}"},"query-input":{"@type":"PropertyValueSpecification","valueRequired":true,"valueName":"search_term_string"}}],"inLanguage":"fr-FR"},{"@type":"Organization","@id":"https:\/\/pubfrancois.fr\/shop\/#organization","name":"Publicite Frann\u00e7ois","url":"https:\/\/pubfrancois.fr\/shop\/","logo":{"@type":"ImageObject","inLanguage":"fr-FR","@id":"https:\/\/pubfrancois.fr\/shop\/#\/schema\/logo\/image\/","url":"https:\/\/pubfrancois.fr\/shop\/wp-content\/uploads\/2020\/04\/logo-pub-francois.png","contentUrl":"https:\/\/pubfrancois.fr\/shop\/wp-content\/uploads\/2020\/04\/logo-pub-francois.png","width":270,"height":106,"caption":"Publicite Frann\u00e7ois"},"image":{"@id":"https:\/\/pubfrancois.fr\/shop\/#\/schema\/logo\/image\/"}}]}},"_links":{"self":[{"href":"https:\/\/pubfrancois.fr\/shop\/wp-json\/wp\/v2\/product\/10960"}],"collection":[{"href":"https:\/\/pubfrancois.fr\/shop\/wp-json\/wp\/v2\/product"}],"about":[{"href":"https:\/\/pubfrancois.fr\/shop\/wp-json\/wp\/v2\/types\/product"}],"wp:featuredmedia":[{"embeddable":true,"href":"https:\/\/pubfrancois.fr\/shop\/wp-json\/wp\/v2\/media\/10844"}],"wp:attachment":[{"href":"https:\/\/pubfrancois.fr\/shop\/wp-json\/wp\/v2\/media?parent=10960"}],"wp:term":[{"taxonomy":"product_cat","embeddable":true,"href":"https:\/\/pubfrancois.fr\/shop\/wp-json\/wp\/v2\/product_cat?post=10960"},{"taxonomy":"product_tag","embeddable":true,"href":"https:\/\/pubfrancois.fr\/shop\/wp-json\/wp\/v2\/product_tag?post=10960"}],"curies":[{"name":"wp","href":"https:\/\/api.w.org\/{rel}","templated":true}]}}