{"id":10822,"date":"2020-05-25T11:34:24","date_gmt":"2020-05-25T09:34:24","guid":{"rendered":"https:\/\/pubfrancois.fr\/shop\/product\/import-placeholder-for-11069\/"},"modified":"2020-06-04T16:02:02","modified_gmt":"2020-06-04T14:02:02","slug":"totem-bienvenue-support-gel-hydroalcoolique","status":"publish","type":"product","link":"https:\/\/pubfrancois.fr\/shop\/product\/totem-bienvenue-support-gel-hydroalcoolique\/","title":{"rendered":"Totem bienvenue support gel hydroalcoolique"},"content":{"rendered":"","protected":false},"excerpt":{"rendered":"<p>Totem avec un tableau blanc effa\u00e7able \u00e0 sec id\u00e9al pour afficher un message d&rsquo;accueil ou un menu de restaurant.<\/p>\n<p>Totem en PVC 10 mm teint\u00e9 masse noir de 200 x 200 x 1500 mm avec impression num\u00e9rique adh\u00e9sif polym\u00e8re et plastification mat.<br \/>\nTablette hauteur 900 mm pour positionner votre flacon de gel hydroalcoolique (non fourni)<br \/>\nLivr\u00e9 non mont\u00e9 (montage facile sans outils)<\/p>\n","protected":false},"featured_media":10956,"template":"","meta":[],"product_cat":[149,187],"product_tag":[],"yoast_head":"<!-- This site is optimized with the Yoast SEO plugin v24.5 - https:\/\/yoast.com\/wordpress\/plugins\/seo\/ -->\n<title>Totem support de gel avec un tableau blanc effa\u00e7able<\/title>\n<meta name=\"description\" content=\"Totem avec un tableau blanc effa\u00e7able \u00e0 sec id\u00e9al pour afficher un message d&#039;accueil ou un menu de restaurant.\" \/>\n<meta name=\"robots\" content=\"index, follow, max-snippet:-1, max-image-preview:large, max-video-preview:-1\" \/>\n<link rel=\"canonical\" href=\"https:\/\/pubfrancois.fr\/shop\/product\/totem-bienvenue-support-gel-hydroalcoolique\/\" \/>\n<meta property=\"og:locale\" content=\"fr_FR\" \/>\n<meta property=\"og:type\" content=\"article\" \/>\n<meta property=\"og:title\" content=\"Totem support de gel avec un tableau blanc effa\u00e7able\" \/>\n<meta property=\"og:description\" content=\"Totem avec un tableau blanc effa\u00e7able \u00e0 sec id\u00e9al pour afficher un message d&#039;accueil ou un menu de restaurant.\" \/>\n<meta property=\"og:url\" content=\"https:\/\/pubfrancois.fr\/shop\/product\/totem-bienvenue-support-gel-hydroalcoolique\/\" \/>\n<meta property=\"og:site_name\" content=\"Publicit\u00e9 Fran\u00e7ois Shop\" \/>\n<meta property=\"article:modified_time\" content=\"2020-06-04T14:02:02+00:00\" \/>\n<meta property=\"og:image\" content=\"https:\/\/pubfrancois.fr\/shop\/wp-content\/uploads\/2020\/05\/totem-bienvenue-support.jpg\" \/>\n\t<meta property=\"og:image:width\" content=\"1116\" \/>\n\t<meta property=\"og:image:height\" content=\"1495\" \/>\n\t<meta property=\"og:image:type\" content=\"image\/jpeg\" \/>\n<meta name=\"twitter:card\" content=\"summary_large_image\" \/>\n<script type=\"application\/ld+json\" class=\"yoast-schema-graph\">{\"@context\":\"https:\/\/schema.org\",\"@graph\":[{\"@type\":\"WebPage\",\"@id\":\"https:\/\/pubfrancois.fr\/shop\/product\/totem-bienvenue-support-gel-hydroalcoolique\/\",\"url\":\"https:\/\/pubfrancois.fr\/shop\/product\/totem-bienvenue-support-gel-hydroalcoolique\/\",\"name\":\"Totem support de gel avec un tableau blanc effa\u00e7able\",\"isPartOf\":{\"@id\":\"https:\/\/pubfrancois.fr\/shop\/#website\"},\"primaryImageOfPage\":{\"@id\":\"https:\/\/pubfrancois.fr\/shop\/product\/totem-bienvenue-support-gel-hydroalcoolique\/#primaryimage\"},\"image\":{\"@id\":\"https:\/\/pubfrancois.fr\/shop\/product\/totem-bienvenue-support-gel-hydroalcoolique\/#primaryimage\"},\"thumbnailUrl\":\"https:\/\/pubfrancois.fr\/shop\/wp-content\/uploads\/2020\/05\/totem-bienvenue-support.jpg\",\"datePublished\":\"2020-05-25T09:34:24+00:00\",\"dateModified\":\"2020-06-04T14:02:02+00:00\",\"description\":\"Totem avec un tableau blanc effa\u00e7able \u00e0 sec id\u00e9al pour afficher un message d'accueil ou un menu de restaurant.\",\"breadcrumb\":{\"@id\":\"https:\/\/pubfrancois.fr\/shop\/product\/totem-bienvenue-support-gel-hydroalcoolique\/#breadcrumb\"},\"inLanguage\":\"fr-FR\",\"potentialAction\":[{\"@type\":\"ReadAction\",\"target\":[\"https:\/\/pubfrancois.fr\/shop\/product\/totem-bienvenue-support-gel-hydroalcoolique\/\"]}]},{\"@type\":\"ImageObject\",\"inLanguage\":\"fr-FR\",\"@id\":\"https:\/\/pubfrancois.fr\/shop\/product\/totem-bienvenue-support-gel-hydroalcoolique\/#primaryimage\",\"url\":\"https:\/\/pubfrancois.fr\/shop\/wp-content\/uploads\/2020\/05\/totem-bienvenue-support.jpg\",\"contentUrl\":\"https:\/\/pubfrancois.fr\/shop\/wp-content\/uploads\/2020\/05\/totem-bienvenue-support.jpg\",\"width\":1116,\"height\":1495},{\"@type\":\"BreadcrumbList\",\"@id\":\"https:\/\/pubfrancois.fr\/shop\/product\/totem-bienvenue-support-gel-hydroalcoolique\/#breadcrumb\",\"itemListElement\":[{\"@type\":\"ListItem\",\"position\":1,\"name\":\"Accueil\",\"item\":\"https:\/\/pubfrancois.fr\/shop\/\"},{\"@type\":\"ListItem\",\"position\":2,\"name\":\"boutique\",\"item\":\"https:\/\/pubfrancois.fr\/shop\/shop\/\"},{\"@type\":\"ListItem\",\"position\":3,\"name\":\"Totem bienvenue support gel hydroalcoolique\"}]},{\"@type\":\"WebSite\",\"@id\":\"https:\/\/pubfrancois.fr\/shop\/#website\",\"url\":\"https:\/\/pubfrancois.fr\/shop\/\",\"name\":\"Publicit\u00e9 Fran\u00e7ois Shop\",\"description\":\"Enseignes et signal\u00e9tique \u00e0 Saint-L\u00f4\",\"publisher\":{\"@id\":\"https:\/\/pubfrancois.fr\/shop\/#organization\"},\"potentialAction\":[{\"@type\":\"SearchAction\",\"target\":{\"@type\":\"EntryPoint\",\"urlTemplate\":\"https:\/\/pubfrancois.fr\/shop\/?s={search_term_string}\"},\"query-input\":{\"@type\":\"PropertyValueSpecification\",\"valueRequired\":true,\"valueName\":\"search_term_string\"}}],\"inLanguage\":\"fr-FR\"},{\"@type\":\"Organization\",\"@id\":\"https:\/\/pubfrancois.fr\/shop\/#organization\",\"name\":\"Publicite Frann\u00e7ois\",\"url\":\"https:\/\/pubfrancois.fr\/shop\/\",\"logo\":{\"@type\":\"ImageObject\",\"inLanguage\":\"fr-FR\",\"@id\":\"https:\/\/pubfrancois.fr\/shop\/#\/schema\/logo\/image\/\",\"url\":\"https:\/\/pubfrancois.fr\/shop\/wp-content\/uploads\/2020\/04\/logo-pub-francois.png\",\"contentUrl\":\"https:\/\/pubfrancois.fr\/shop\/wp-content\/uploads\/2020\/04\/logo-pub-francois.png\",\"width\":270,\"height\":106,\"caption\":\"Publicite Frann\u00e7ois\"},\"image\":{\"@id\":\"https:\/\/pubfrancois.fr\/shop\/#\/schema\/logo\/image\/\"}}]}<\/script>\n<!-- \/ Yoast SEO plugin. -->","yoast_head_json":{"title":"Totem support de gel avec un tableau blanc effa\u00e7able","description":"Totem avec un tableau blanc effa\u00e7able \u00e0 sec id\u00e9al pour afficher un message d'accueil ou un menu de restaurant.","robots":{"index":"index","follow":"follow","max-snippet":"max-snippet:-1","max-image-preview":"max-image-preview:large","max-video-preview":"max-video-preview:-1"},"canonical":"https:\/\/pubfrancois.fr\/shop\/product\/totem-bienvenue-support-gel-hydroalcoolique\/","og_locale":"fr_FR","og_type":"article","og_title":"Totem support de gel avec un tableau blanc effa\u00e7able","og_description":"Totem avec un tableau blanc effa\u00e7able \u00e0 sec id\u00e9al pour afficher un message d'accueil ou un menu de restaurant.","og_url":"https:\/\/pubfrancois.fr\/shop\/product\/totem-bienvenue-support-gel-hydroalcoolique\/","og_site_name":"Publicit\u00e9 Fran\u00e7ois Shop","article_modified_time":"2020-06-04T14:02:02+00:00","og_image":[{"width":1116,"height":1495,"url":"https:\/\/pubfrancois.fr\/shop\/wp-content\/uploads\/2020\/05\/totem-bienvenue-support.jpg","type":"image\/jpeg"}],"twitter_card":"summary_large_image","schema":{"@context":"https:\/\/schema.org","@graph":[{"@type":"WebPage","@id":"https:\/\/pubfrancois.fr\/shop\/product\/totem-bienvenue-support-gel-hydroalcoolique\/","url":"https:\/\/pubfrancois.fr\/shop\/product\/totem-bienvenue-support-gel-hydroalcoolique\/","name":"Totem support de gel avec un tableau blanc effa\u00e7able","isPartOf":{"@id":"https:\/\/pubfrancois.fr\/shop\/#website"},"primaryImageOfPage":{"@id":"https:\/\/pubfrancois.fr\/shop\/product\/totem-bienvenue-support-gel-hydroalcoolique\/#primaryimage"},"image":{"@id":"https:\/\/pubfrancois.fr\/shop\/product\/totem-bienvenue-support-gel-hydroalcoolique\/#primaryimage"},"thumbnailUrl":"https:\/\/pubfrancois.fr\/shop\/wp-content\/uploads\/2020\/05\/totem-bienvenue-support.jpg","datePublished":"2020-05-25T09:34:24+00:00","dateModified":"2020-06-04T14:02:02+00:00","description":"Totem avec un tableau blanc effa\u00e7able \u00e0 sec id\u00e9al pour afficher un message d'accueil ou un menu de restaurant.","breadcrumb":{"@id":"https:\/\/pubfrancois.fr\/shop\/product\/totem-bienvenue-support-gel-hydroalcoolique\/#breadcrumb"},"inLanguage":"fr-FR","potentialAction":[{"@type":"ReadAction","target":["https:\/\/pubfrancois.fr\/shop\/product\/totem-bienvenue-support-gel-hydroalcoolique\/"]}]},{"@type":"ImageObject","inLanguage":"fr-FR","@id":"https:\/\/pubfrancois.fr\/shop\/product\/totem-bienvenue-support-gel-hydroalcoolique\/#primaryimage","url":"https:\/\/pubfrancois.fr\/shop\/wp-content\/uploads\/2020\/05\/totem-bienvenue-support.jpg","contentUrl":"https:\/\/pubfrancois.fr\/shop\/wp-content\/uploads\/2020\/05\/totem-bienvenue-support.jpg","width":1116,"height":1495},{"@type":"BreadcrumbList","@id":"https:\/\/pubfrancois.fr\/shop\/product\/totem-bienvenue-support-gel-hydroalcoolique\/#breadcrumb","itemListElement":[{"@type":"ListItem","position":1,"name":"Accueil","item":"https:\/\/pubfrancois.fr\/shop\/"},{"@type":"ListItem","position":2,"name":"boutique","item":"https:\/\/pubfrancois.fr\/shop\/shop\/"},{"@type":"ListItem","position":3,"name":"Totem bienvenue support gel hydroalcoolique"}]},{"@type":"WebSite","@id":"https:\/\/pubfrancois.fr\/shop\/#website","url":"https:\/\/pubfrancois.fr\/shop\/","name":"Publicit\u00e9 Fran\u00e7ois Shop","description":"Enseignes et signal\u00e9tique \u00e0 Saint-L\u00f4","publisher":{"@id":"https:\/\/pubfrancois.fr\/shop\/#organization"},"potentialAction":[{"@type":"SearchAction","target":{"@type":"EntryPoint","urlTemplate":"https:\/\/pubfrancois.fr\/shop\/?s={search_term_string}"},"query-input":{"@type":"PropertyValueSpecification","valueRequired":true,"valueName":"search_term_string"}}],"inLanguage":"fr-FR"},{"@type":"Organization","@id":"https:\/\/pubfrancois.fr\/shop\/#organization","name":"Publicite Frann\u00e7ois","url":"https:\/\/pubfrancois.fr\/shop\/","logo":{"@type":"ImageObject","inLanguage":"fr-FR","@id":"https:\/\/pubfrancois.fr\/shop\/#\/schema\/logo\/image\/","url":"https:\/\/pubfrancois.fr\/shop\/wp-content\/uploads\/2020\/04\/logo-pub-francois.png","contentUrl":"https:\/\/pubfrancois.fr\/shop\/wp-content\/uploads\/2020\/04\/logo-pub-francois.png","width":270,"height":106,"caption":"Publicite Frann\u00e7ois"},"image":{"@id":"https:\/\/pubfrancois.fr\/shop\/#\/schema\/logo\/image\/"}}]}},"_links":{"self":[{"href":"https:\/\/pubfrancois.fr\/shop\/wp-json\/wp\/v2\/product\/10822"}],"collection":[{"href":"https:\/\/pubfrancois.fr\/shop\/wp-json\/wp\/v2\/product"}],"about":[{"href":"https:\/\/pubfrancois.fr\/shop\/wp-json\/wp\/v2\/types\/product"}],"wp:featuredmedia":[{"embeddable":true,"href":"https:\/\/pubfrancois.fr\/shop\/wp-json\/wp\/v2\/media\/10956"}],"wp:attachment":[{"href":"https:\/\/pubfrancois.fr\/shop\/wp-json\/wp\/v2\/media?parent=10822"}],"wp:term":[{"taxonomy":"product_cat","embeddable":true,"href":"https:\/\/pubfrancois.fr\/shop\/wp-json\/wp\/v2\/product_cat?post=10822"},{"taxonomy":"product_tag","embeddable":true,"href":"https:\/\/pubfrancois.fr\/shop\/wp-json\/wp\/v2\/product_tag?post=10822"}],"curies":[{"name":"wp","href":"https:\/\/api.w.org\/{rel}","templated":true}]}}