{"id":10821,"date":"2020-05-25T11:34:24","date_gmt":"2020-05-25T09:34:24","guid":{"rendered":"https:\/\/pubfrancois.fr\/shop\/product\/import-placeholder-for-11059\/"},"modified":"2020-05-25T11:42:59","modified_gmt":"2020-05-25T09:42:59","slug":"kit-adhesifs-accueil-et-consignes-de-prevention","status":"publish","type":"product","link":"https:\/\/pubfrancois.fr\/shop\/product\/kit-adhesifs-accueil-et-consignes-de-prevention\/","title":{"rendered":"Kit adh\u00e9sifs accueil et consignes de pr\u00e9vention"},"content":{"rendered":"","protected":false},"excerpt":{"rendered":"<p>Impression num\u00e9rique sur adh\u00e9sif opaque monom\u00e8re (colle enlevable et sans lamination de protection)<br \/>\nDurabilit\u00e9\u00a0: courte<\/p>\n<p><strong>\u00a0<\/strong>Comprenant\u00a0:<\/p>\n<ul>\n<li>2 ronds de 400 mm \u00ab\u00a0smiley nous sommes ouvert\u00a0\u00bb<\/li>\n<li>3 ronds de 150 mm \u00ab\u00a0smiley port du masque obligatoire\u00bb<\/li>\n<li>1 impression 400 x 300 mm \u00ab\u00a0Gestes barri\u00e8res\u00a0\u00bb<\/li>\n<li>1 impression 210 x 297 mm \u00ab\u00a0Note \u00e0 l\u2019attention de notre client\u00e8le\u00a0\u00bb<\/li>\n<li>1 impression 300 x 400 mm \u00ab\u00a0Hygi\u00e8ne des mains\u00a0\u00bb<\/li>\n<li>1 impression 300 x 400 mm \u00ab\u00a0Bien ajuster son masque\u00a0\u00bb<\/li>\n<li>1 impression 300 x 400 mm \u00ab\u00a0Que faire face aux premiers signes\u00a0\u00bb<\/li>\n<li>1 impression 300 x 400 mm \u00ab\u00a0Que faire si la maladie s\u2019aggrave\u00a0\u00bb<\/li>\n<\/ul>\n","protected":false},"featured_media":10830,"template":"","meta":[],"product_cat":[185],"product_tag":[],"yoast_head":"<!-- This site is optimized with the Yoast SEO plugin v24.5 - https:\/\/yoast.com\/wordpress\/plugins\/seo\/ -->\n<title>Kit adh\u00e9sifs accueil et consignes de pr\u00e9vention - Publicit\u00e9 Fran\u00e7ois Shop<\/title>\n<meta name=\"robots\" content=\"index, follow, max-snippet:-1, max-image-preview:large, max-video-preview:-1\" \/>\n<link rel=\"canonical\" href=\"https:\/\/pubfrancois.fr\/shop\/product\/kit-adhesifs-accueil-et-consignes-de-prevention\/\" \/>\n<meta property=\"og:locale\" content=\"fr_FR\" \/>\n<meta property=\"og:type\" content=\"article\" \/>\n<meta property=\"og:title\" content=\"Kit adh\u00e9sifs accueil et consignes de pr\u00e9vention - Publicit\u00e9 Fran\u00e7ois Shop\" \/>\n<meta property=\"og:description\" content=\"Impression num\u00e9rique sur adh\u00e9sif opaque monom\u00e8re (colle enlevable et sans lamination de protection) Durabilit\u00e9\u00a0: courte  \u00a0Comprenant\u00a0:   2 ronds de 400 mm \u00ab\u00a0smiley nous sommes ouvert\u00a0\u00bb  3 ronds de 150 mm \u00ab\u00a0smiley port du masque obligatoire\u00bb  1 impression 400 x 300 mm \u00ab\u00a0Gestes barri\u00e8res\u00a0\u00bb  1 impression 210 x 297 mm \u00ab\u00a0Note \u00e0 l\u2019attention de notre client\u00e8le\u00a0\u00bb  1 impression 300 x 400 mm \u00ab\u00a0Hygi\u00e8ne des mains\u00a0\u00bb  1 impression 300 x 400 mm \u00ab\u00a0Bien ajuster son masque\u00a0\u00bb  1 impression 300 x 400 mm \u00ab\u00a0Que faire face aux premiers signes\u00a0\u00bb  1 impression 300 x 400 mm \u00ab\u00a0Que faire si la maladie s\u2019aggrave\u00a0\u00bb\" \/>\n<meta property=\"og:url\" content=\"https:\/\/pubfrancois.fr\/shop\/product\/kit-adhesifs-accueil-et-consignes-de-prevention\/\" \/>\n<meta property=\"og:site_name\" content=\"Publicit\u00e9 Fran\u00e7ois Shop\" \/>\n<meta property=\"article:modified_time\" content=\"2020-05-25T09:42:59+00:00\" \/>\n<meta property=\"og:image\" content=\"https:\/\/pubfrancois.fr\/shop\/wp-content\/uploads\/2020\/05\/kit-adhe-consignes-PUB-FRANCOIS.jpg\" \/>\n\t<meta property=\"og:image:width\" content=\"1000\" \/>\n\t<meta property=\"og:image:height\" content=\"645\" \/>\n\t<meta property=\"og:image:type\" content=\"image\/jpeg\" \/>\n<meta name=\"twitter:card\" content=\"summary_large_image\" \/>\n<script type=\"application\/ld+json\" class=\"yoast-schema-graph\">{\"@context\":\"https:\/\/schema.org\",\"@graph\":[{\"@type\":\"WebPage\",\"@id\":\"https:\/\/pubfrancois.fr\/shop\/product\/kit-adhesifs-accueil-et-consignes-de-prevention\/\",\"url\":\"https:\/\/pubfrancois.fr\/shop\/product\/kit-adhesifs-accueil-et-consignes-de-prevention\/\",\"name\":\"Kit adh\u00e9sifs accueil et consignes de pr\u00e9vention - Publicit\u00e9 Fran\u00e7ois Shop\",\"isPartOf\":{\"@id\":\"https:\/\/pubfrancois.fr\/shop\/#website\"},\"primaryImageOfPage\":{\"@id\":\"https:\/\/pubfrancois.fr\/shop\/product\/kit-adhesifs-accueil-et-consignes-de-prevention\/#primaryimage\"},\"image\":{\"@id\":\"https:\/\/pubfrancois.fr\/shop\/product\/kit-adhesifs-accueil-et-consignes-de-prevention\/#primaryimage\"},\"thumbnailUrl\":\"https:\/\/pubfrancois.fr\/shop\/wp-content\/uploads\/2020\/05\/kit-adhe-consignes-PUB-FRANCOIS.jpg\",\"datePublished\":\"2020-05-25T09:34:24+00:00\",\"dateModified\":\"2020-05-25T09:42:59+00:00\",\"breadcrumb\":{\"@id\":\"https:\/\/pubfrancois.fr\/shop\/product\/kit-adhesifs-accueil-et-consignes-de-prevention\/#breadcrumb\"},\"inLanguage\":\"fr-FR\",\"potentialAction\":[{\"@type\":\"ReadAction\",\"target\":[\"https:\/\/pubfrancois.fr\/shop\/product\/kit-adhesifs-accueil-et-consignes-de-prevention\/\"]}]},{\"@type\":\"ImageObject\",\"inLanguage\":\"fr-FR\",\"@id\":\"https:\/\/pubfrancois.fr\/shop\/product\/kit-adhesifs-accueil-et-consignes-de-prevention\/#primaryimage\",\"url\":\"https:\/\/pubfrancois.fr\/shop\/wp-content\/uploads\/2020\/05\/kit-adhe-consignes-PUB-FRANCOIS.jpg\",\"contentUrl\":\"https:\/\/pubfrancois.fr\/shop\/wp-content\/uploads\/2020\/05\/kit-adhe-consignes-PUB-FRANCOIS.jpg\",\"width\":1000,\"height\":645},{\"@type\":\"BreadcrumbList\",\"@id\":\"https:\/\/pubfrancois.fr\/shop\/product\/kit-adhesifs-accueil-et-consignes-de-prevention\/#breadcrumb\",\"itemListElement\":[{\"@type\":\"ListItem\",\"position\":1,\"name\":\"Accueil\",\"item\":\"https:\/\/pubfrancois.fr\/shop\/\"},{\"@type\":\"ListItem\",\"position\":2,\"name\":\"boutique\",\"item\":\"https:\/\/pubfrancois.fr\/shop\/shop\/\"},{\"@type\":\"ListItem\",\"position\":3,\"name\":\"Kit adh\u00e9sifs accueil et consignes de pr\u00e9vention\"}]},{\"@type\":\"WebSite\",\"@id\":\"https:\/\/pubfrancois.fr\/shop\/#website\",\"url\":\"https:\/\/pubfrancois.fr\/shop\/\",\"name\":\"Publicit\u00e9 Fran\u00e7ois Shop\",\"description\":\"Enseignes et signal\u00e9tique \u00e0 Saint-L\u00f4\",\"publisher\":{\"@id\":\"https:\/\/pubfrancois.fr\/shop\/#organization\"},\"potentialAction\":[{\"@type\":\"SearchAction\",\"target\":{\"@type\":\"EntryPoint\",\"urlTemplate\":\"https:\/\/pubfrancois.fr\/shop\/?s={search_term_string}\"},\"query-input\":{\"@type\":\"PropertyValueSpecification\",\"valueRequired\":true,\"valueName\":\"search_term_string\"}}],\"inLanguage\":\"fr-FR\"},{\"@type\":\"Organization\",\"@id\":\"https:\/\/pubfrancois.fr\/shop\/#organization\",\"name\":\"Publicite Frann\u00e7ois\",\"url\":\"https:\/\/pubfrancois.fr\/shop\/\",\"logo\":{\"@type\":\"ImageObject\",\"inLanguage\":\"fr-FR\",\"@id\":\"https:\/\/pubfrancois.fr\/shop\/#\/schema\/logo\/image\/\",\"url\":\"https:\/\/pubfrancois.fr\/shop\/wp-content\/uploads\/2020\/04\/logo-pub-francois.png\",\"contentUrl\":\"https:\/\/pubfrancois.fr\/shop\/wp-content\/uploads\/2020\/04\/logo-pub-francois.png\",\"width\":270,\"height\":106,\"caption\":\"Publicite Frann\u00e7ois\"},\"image\":{\"@id\":\"https:\/\/pubfrancois.fr\/shop\/#\/schema\/logo\/image\/\"}}]}<\/script>\n<!-- \/ Yoast SEO plugin. -->","yoast_head_json":{"title":"Kit adh\u00e9sifs accueil et consignes de pr\u00e9vention - Publicit\u00e9 Fran\u00e7ois Shop","robots":{"index":"index","follow":"follow","max-snippet":"max-snippet:-1","max-image-preview":"max-image-preview:large","max-video-preview":"max-video-preview:-1"},"canonical":"https:\/\/pubfrancois.fr\/shop\/product\/kit-adhesifs-accueil-et-consignes-de-prevention\/","og_locale":"fr_FR","og_type":"article","og_title":"Kit adh\u00e9sifs accueil et consignes de pr\u00e9vention - Publicit\u00e9 Fran\u00e7ois Shop","og_description":"Impression num\u00e9rique sur adh\u00e9sif opaque monom\u00e8re (colle enlevable et sans lamination de protection) Durabilit\u00e9\u00a0: courte  \u00a0Comprenant\u00a0:   2 ronds de 400 mm \u00ab\u00a0smiley nous sommes ouvert\u00a0\u00bb  3 ronds de 150 mm \u00ab\u00a0smiley port du masque obligatoire\u00bb  1 impression 400 x 300 mm \u00ab\u00a0Gestes barri\u00e8res\u00a0\u00bb  1 impression 210 x 297 mm \u00ab\u00a0Note \u00e0 l\u2019attention de notre client\u00e8le\u00a0\u00bb  1 impression 300 x 400 mm \u00ab\u00a0Hygi\u00e8ne des mains\u00a0\u00bb  1 impression 300 x 400 mm \u00ab\u00a0Bien ajuster son masque\u00a0\u00bb  1 impression 300 x 400 mm \u00ab\u00a0Que faire face aux premiers signes\u00a0\u00bb  1 impression 300 x 400 mm \u00ab\u00a0Que faire si la maladie s\u2019aggrave\u00a0\u00bb","og_url":"https:\/\/pubfrancois.fr\/shop\/product\/kit-adhesifs-accueil-et-consignes-de-prevention\/","og_site_name":"Publicit\u00e9 Fran\u00e7ois Shop","article_modified_time":"2020-05-25T09:42:59+00:00","og_image":[{"width":1000,"height":645,"url":"https:\/\/pubfrancois.fr\/shop\/wp-content\/uploads\/2020\/05\/kit-adhe-consignes-PUB-FRANCOIS.jpg","type":"image\/jpeg"}],"twitter_card":"summary_large_image","schema":{"@context":"https:\/\/schema.org","@graph":[{"@type":"WebPage","@id":"https:\/\/pubfrancois.fr\/shop\/product\/kit-adhesifs-accueil-et-consignes-de-prevention\/","url":"https:\/\/pubfrancois.fr\/shop\/product\/kit-adhesifs-accueil-et-consignes-de-prevention\/","name":"Kit adh\u00e9sifs accueil et consignes de pr\u00e9vention - Publicit\u00e9 Fran\u00e7ois Shop","isPartOf":{"@id":"https:\/\/pubfrancois.fr\/shop\/#website"},"primaryImageOfPage":{"@id":"https:\/\/pubfrancois.fr\/shop\/product\/kit-adhesifs-accueil-et-consignes-de-prevention\/#primaryimage"},"image":{"@id":"https:\/\/pubfrancois.fr\/shop\/product\/kit-adhesifs-accueil-et-consignes-de-prevention\/#primaryimage"},"thumbnailUrl":"https:\/\/pubfrancois.fr\/shop\/wp-content\/uploads\/2020\/05\/kit-adhe-consignes-PUB-FRANCOIS.jpg","datePublished":"2020-05-25T09:34:24+00:00","dateModified":"2020-05-25T09:42:59+00:00","breadcrumb":{"@id":"https:\/\/pubfrancois.fr\/shop\/product\/kit-adhesifs-accueil-et-consignes-de-prevention\/#breadcrumb"},"inLanguage":"fr-FR","potentialAction":[{"@type":"ReadAction","target":["https:\/\/pubfrancois.fr\/shop\/product\/kit-adhesifs-accueil-et-consignes-de-prevention\/"]}]},{"@type":"ImageObject","inLanguage":"fr-FR","@id":"https:\/\/pubfrancois.fr\/shop\/product\/kit-adhesifs-accueil-et-consignes-de-prevention\/#primaryimage","url":"https:\/\/pubfrancois.fr\/shop\/wp-content\/uploads\/2020\/05\/kit-adhe-consignes-PUB-FRANCOIS.jpg","contentUrl":"https:\/\/pubfrancois.fr\/shop\/wp-content\/uploads\/2020\/05\/kit-adhe-consignes-PUB-FRANCOIS.jpg","width":1000,"height":645},{"@type":"BreadcrumbList","@id":"https:\/\/pubfrancois.fr\/shop\/product\/kit-adhesifs-accueil-et-consignes-de-prevention\/#breadcrumb","itemListElement":[{"@type":"ListItem","position":1,"name":"Accueil","item":"https:\/\/pubfrancois.fr\/shop\/"},{"@type":"ListItem","position":2,"name":"boutique","item":"https:\/\/pubfrancois.fr\/shop\/shop\/"},{"@type":"ListItem","position":3,"name":"Kit adh\u00e9sifs accueil et consignes de pr\u00e9vention"}]},{"@type":"WebSite","@id":"https:\/\/pubfrancois.fr\/shop\/#website","url":"https:\/\/pubfrancois.fr\/shop\/","name":"Publicit\u00e9 Fran\u00e7ois Shop","description":"Enseignes et signal\u00e9tique \u00e0 Saint-L\u00f4","publisher":{"@id":"https:\/\/pubfrancois.fr\/shop\/#organization"},"potentialAction":[{"@type":"SearchAction","target":{"@type":"EntryPoint","urlTemplate":"https:\/\/pubfrancois.fr\/shop\/?s={search_term_string}"},"query-input":{"@type":"PropertyValueSpecification","valueRequired":true,"valueName":"search_term_string"}}],"inLanguage":"fr-FR"},{"@type":"Organization","@id":"https:\/\/pubfrancois.fr\/shop\/#organization","name":"Publicite Frann\u00e7ois","url":"https:\/\/pubfrancois.fr\/shop\/","logo":{"@type":"ImageObject","inLanguage":"fr-FR","@id":"https:\/\/pubfrancois.fr\/shop\/#\/schema\/logo\/image\/","url":"https:\/\/pubfrancois.fr\/shop\/wp-content\/uploads\/2020\/04\/logo-pub-francois.png","contentUrl":"https:\/\/pubfrancois.fr\/shop\/wp-content\/uploads\/2020\/04\/logo-pub-francois.png","width":270,"height":106,"caption":"Publicite Frann\u00e7ois"},"image":{"@id":"https:\/\/pubfrancois.fr\/shop\/#\/schema\/logo\/image\/"}}]}},"_links":{"self":[{"href":"https:\/\/pubfrancois.fr\/shop\/wp-json\/wp\/v2\/product\/10821"}],"collection":[{"href":"https:\/\/pubfrancois.fr\/shop\/wp-json\/wp\/v2\/product"}],"about":[{"href":"https:\/\/pubfrancois.fr\/shop\/wp-json\/wp\/v2\/types\/product"}],"wp:featuredmedia":[{"embeddable":true,"href":"https:\/\/pubfrancois.fr\/shop\/wp-json\/wp\/v2\/media\/10830"}],"wp:attachment":[{"href":"https:\/\/pubfrancois.fr\/shop\/wp-json\/wp\/v2\/media?parent=10821"}],"wp:term":[{"taxonomy":"product_cat","embeddable":true,"href":"https:\/\/pubfrancois.fr\/shop\/wp-json\/wp\/v2\/product_cat?post=10821"},{"taxonomy":"product_tag","embeddable":true,"href":"https:\/\/pubfrancois.fr\/shop\/wp-json\/wp\/v2\/product_tag?post=10821"}],"curies":[{"name":"wp","href":"https:\/\/api.w.org\/{rel}","templated":true}]}}