{"id":10820,"date":"2020-05-25T11:34:24","date_gmt":"2020-05-25T09:34:24","guid":{"rendered":"https:\/\/pubfrancois.fr\/shop\/product\/import-placeholder-for-11053\/"},"modified":"2020-05-26T09:52:12","modified_gmt":"2020-05-26T07:52:12","slug":"kit-adhesifs-de-sol-covid-19","status":"publish","type":"product","link":"https:\/\/pubfrancois.fr\/shop\/product\/kit-adhesifs-de-sol-covid-19\/","title":{"rendered":"Kit adh\u00e9sifs de sol COVID-19"},"content":{"rendered":"","protected":false},"excerpt":{"rendered":"<p>Impression num\u00e9rique sur adh\u00e9sif nid d\u2019abeille sp\u00e9cial sol (sans lamination de protection)<br \/>\nUtilisation uniquement en int\u00e9rieur<br \/>\nCertification R10 (anti d\u00e9rapant)<br \/>\nDurabilit\u00e9\u00a0: courte<\/p>\n<p><strong>\u00a0<\/strong>Comprenant\u00a0:<\/p>\n<ul>\n<li>5 bandes de 800 x 100 mm \u00ab\u00a0Merci de patienter\u00a0\u00bb<\/li>\n<li>2 ronds de 400 mm avec fl\u00e8che \u00ab\u00a0Sens de circulation\u00a0\u00bb<\/li>\n<\/ul>\n","protected":false},"featured_media":10829,"template":"","meta":[],"product_cat":[185],"product_tag":[],"yoast_head":"<!-- This site is optimized with the Yoast SEO plugin v24.5 - https:\/\/yoast.com\/wordpress\/plugins\/seo\/ -->\n<title>Kit adh\u00e9sifs de sol COVID-19 - Publicit\u00e9 Fran\u00e7ois Shop<\/title>\n<meta name=\"robots\" content=\"index, follow, max-snippet:-1, max-image-preview:large, max-video-preview:-1\" \/>\n<link rel=\"canonical\" href=\"https:\/\/pubfrancois.fr\/shop\/product\/kit-adhesifs-de-sol-covid-19\/\" \/>\n<meta property=\"og:locale\" content=\"fr_FR\" \/>\n<meta property=\"og:type\" content=\"article\" \/>\n<meta property=\"og:title\" content=\"Kit adh\u00e9sifs de sol COVID-19 - Publicit\u00e9 Fran\u00e7ois Shop\" \/>\n<meta property=\"og:description\" content=\"Impression num\u00e9rique sur adh\u00e9sif nid d\u2019abeille sp\u00e9cial sol (sans lamination de protection) Utilisation uniquement en int\u00e9rieur Certification R10 (anti d\u00e9rapant) Durabilit\u00e9\u00a0: courte  \u00a0Comprenant\u00a0:   5 bandes de 800 x 100 mm \u00ab\u00a0Merci de patienter\u00a0\u00bb  2 ronds de 400 mm avec fl\u00e8che \u00ab\u00a0Sens de circulation\u00a0\u00bb\" \/>\n<meta property=\"og:url\" content=\"https:\/\/pubfrancois.fr\/shop\/product\/kit-adhesifs-de-sol-covid-19\/\" \/>\n<meta property=\"og:site_name\" content=\"Publicit\u00e9 Fran\u00e7ois Shop\" \/>\n<meta property=\"article:modified_time\" content=\"2020-05-26T07:52:12+00:00\" \/>\n<meta property=\"og:image\" content=\"https:\/\/pubfrancois.fr\/shop\/wp-content\/uploads\/2020\/05\/kit-adhe-sol-PUB-FRANCOIS.jpg\" \/>\n\t<meta property=\"og:image:width\" content=\"1000\" \/>\n\t<meta property=\"og:image:height\" content=\"682\" \/>\n\t<meta property=\"og:image:type\" content=\"image\/jpeg\" \/>\n<meta name=\"twitter:card\" content=\"summary_large_image\" \/>\n<script type=\"application\/ld+json\" class=\"yoast-schema-graph\">{\"@context\":\"https:\/\/schema.org\",\"@graph\":[{\"@type\":\"WebPage\",\"@id\":\"https:\/\/pubfrancois.fr\/shop\/product\/kit-adhesifs-de-sol-covid-19\/\",\"url\":\"https:\/\/pubfrancois.fr\/shop\/product\/kit-adhesifs-de-sol-covid-19\/\",\"name\":\"Kit adh\u00e9sifs de sol COVID-19 - Publicit\u00e9 Fran\u00e7ois Shop\",\"isPartOf\":{\"@id\":\"https:\/\/pubfrancois.fr\/shop\/#website\"},\"primaryImageOfPage\":{\"@id\":\"https:\/\/pubfrancois.fr\/shop\/product\/kit-adhesifs-de-sol-covid-19\/#primaryimage\"},\"image\":{\"@id\":\"https:\/\/pubfrancois.fr\/shop\/product\/kit-adhesifs-de-sol-covid-19\/#primaryimage\"},\"thumbnailUrl\":\"https:\/\/pubfrancois.fr\/shop\/wp-content\/uploads\/2020\/05\/kit-adhe-sol-PUB-FRANCOIS.jpg\",\"datePublished\":\"2020-05-25T09:34:24+00:00\",\"dateModified\":\"2020-05-26T07:52:12+00:00\",\"breadcrumb\":{\"@id\":\"https:\/\/pubfrancois.fr\/shop\/product\/kit-adhesifs-de-sol-covid-19\/#breadcrumb\"},\"inLanguage\":\"fr-FR\",\"potentialAction\":[{\"@type\":\"ReadAction\",\"target\":[\"https:\/\/pubfrancois.fr\/shop\/product\/kit-adhesifs-de-sol-covid-19\/\"]}]},{\"@type\":\"ImageObject\",\"inLanguage\":\"fr-FR\",\"@id\":\"https:\/\/pubfrancois.fr\/shop\/product\/kit-adhesifs-de-sol-covid-19\/#primaryimage\",\"url\":\"https:\/\/pubfrancois.fr\/shop\/wp-content\/uploads\/2020\/05\/kit-adhe-sol-PUB-FRANCOIS.jpg\",\"contentUrl\":\"https:\/\/pubfrancois.fr\/shop\/wp-content\/uploads\/2020\/05\/kit-adhe-sol-PUB-FRANCOIS.jpg\",\"width\":1000,\"height\":682},{\"@type\":\"BreadcrumbList\",\"@id\":\"https:\/\/pubfrancois.fr\/shop\/product\/kit-adhesifs-de-sol-covid-19\/#breadcrumb\",\"itemListElement\":[{\"@type\":\"ListItem\",\"position\":1,\"name\":\"Accueil\",\"item\":\"https:\/\/pubfrancois.fr\/shop\/\"},{\"@type\":\"ListItem\",\"position\":2,\"name\":\"boutique\",\"item\":\"https:\/\/pubfrancois.fr\/shop\/shop\/\"},{\"@type\":\"ListItem\",\"position\":3,\"name\":\"Kit adh\u00e9sifs de sol COVID-19\"}]},{\"@type\":\"WebSite\",\"@id\":\"https:\/\/pubfrancois.fr\/shop\/#website\",\"url\":\"https:\/\/pubfrancois.fr\/shop\/\",\"name\":\"Publicit\u00e9 Fran\u00e7ois Shop\",\"description\":\"Enseignes et signal\u00e9tique \u00e0 Saint-L\u00f4\",\"publisher\":{\"@id\":\"https:\/\/pubfrancois.fr\/shop\/#organization\"},\"potentialAction\":[{\"@type\":\"SearchAction\",\"target\":{\"@type\":\"EntryPoint\",\"urlTemplate\":\"https:\/\/pubfrancois.fr\/shop\/?s={search_term_string}\"},\"query-input\":{\"@type\":\"PropertyValueSpecification\",\"valueRequired\":true,\"valueName\":\"search_term_string\"}}],\"inLanguage\":\"fr-FR\"},{\"@type\":\"Organization\",\"@id\":\"https:\/\/pubfrancois.fr\/shop\/#organization\",\"name\":\"Publicite Frann\u00e7ois\",\"url\":\"https:\/\/pubfrancois.fr\/shop\/\",\"logo\":{\"@type\":\"ImageObject\",\"inLanguage\":\"fr-FR\",\"@id\":\"https:\/\/pubfrancois.fr\/shop\/#\/schema\/logo\/image\/\",\"url\":\"https:\/\/pubfrancois.fr\/shop\/wp-content\/uploads\/2020\/04\/logo-pub-francois.png\",\"contentUrl\":\"https:\/\/pubfrancois.fr\/shop\/wp-content\/uploads\/2020\/04\/logo-pub-francois.png\",\"width\":270,\"height\":106,\"caption\":\"Publicite Frann\u00e7ois\"},\"image\":{\"@id\":\"https:\/\/pubfrancois.fr\/shop\/#\/schema\/logo\/image\/\"}}]}<\/script>\n<!-- \/ Yoast SEO plugin. -->","yoast_head_json":{"title":"Kit adh\u00e9sifs de sol COVID-19 - Publicit\u00e9 Fran\u00e7ois Shop","robots":{"index":"index","follow":"follow","max-snippet":"max-snippet:-1","max-image-preview":"max-image-preview:large","max-video-preview":"max-video-preview:-1"},"canonical":"https:\/\/pubfrancois.fr\/shop\/product\/kit-adhesifs-de-sol-covid-19\/","og_locale":"fr_FR","og_type":"article","og_title":"Kit adh\u00e9sifs de sol COVID-19 - Publicit\u00e9 Fran\u00e7ois Shop","og_description":"Impression num\u00e9rique sur adh\u00e9sif nid d\u2019abeille sp\u00e9cial sol (sans lamination de protection) Utilisation uniquement en int\u00e9rieur Certification R10 (anti d\u00e9rapant) Durabilit\u00e9\u00a0: courte  \u00a0Comprenant\u00a0:   5 bandes de 800 x 100 mm \u00ab\u00a0Merci de patienter\u00a0\u00bb  2 ronds de 400 mm avec fl\u00e8che \u00ab\u00a0Sens de circulation\u00a0\u00bb","og_url":"https:\/\/pubfrancois.fr\/shop\/product\/kit-adhesifs-de-sol-covid-19\/","og_site_name":"Publicit\u00e9 Fran\u00e7ois Shop","article_modified_time":"2020-05-26T07:52:12+00:00","og_image":[{"width":1000,"height":682,"url":"https:\/\/pubfrancois.fr\/shop\/wp-content\/uploads\/2020\/05\/kit-adhe-sol-PUB-FRANCOIS.jpg","type":"image\/jpeg"}],"twitter_card":"summary_large_image","schema":{"@context":"https:\/\/schema.org","@graph":[{"@type":"WebPage","@id":"https:\/\/pubfrancois.fr\/shop\/product\/kit-adhesifs-de-sol-covid-19\/","url":"https:\/\/pubfrancois.fr\/shop\/product\/kit-adhesifs-de-sol-covid-19\/","name":"Kit adh\u00e9sifs de sol COVID-19 - Publicit\u00e9 Fran\u00e7ois Shop","isPartOf":{"@id":"https:\/\/pubfrancois.fr\/shop\/#website"},"primaryImageOfPage":{"@id":"https:\/\/pubfrancois.fr\/shop\/product\/kit-adhesifs-de-sol-covid-19\/#primaryimage"},"image":{"@id":"https:\/\/pubfrancois.fr\/shop\/product\/kit-adhesifs-de-sol-covid-19\/#primaryimage"},"thumbnailUrl":"https:\/\/pubfrancois.fr\/shop\/wp-content\/uploads\/2020\/05\/kit-adhe-sol-PUB-FRANCOIS.jpg","datePublished":"2020-05-25T09:34:24+00:00","dateModified":"2020-05-26T07:52:12+00:00","breadcrumb":{"@id":"https:\/\/pubfrancois.fr\/shop\/product\/kit-adhesifs-de-sol-covid-19\/#breadcrumb"},"inLanguage":"fr-FR","potentialAction":[{"@type":"ReadAction","target":["https:\/\/pubfrancois.fr\/shop\/product\/kit-adhesifs-de-sol-covid-19\/"]}]},{"@type":"ImageObject","inLanguage":"fr-FR","@id":"https:\/\/pubfrancois.fr\/shop\/product\/kit-adhesifs-de-sol-covid-19\/#primaryimage","url":"https:\/\/pubfrancois.fr\/shop\/wp-content\/uploads\/2020\/05\/kit-adhe-sol-PUB-FRANCOIS.jpg","contentUrl":"https:\/\/pubfrancois.fr\/shop\/wp-content\/uploads\/2020\/05\/kit-adhe-sol-PUB-FRANCOIS.jpg","width":1000,"height":682},{"@type":"BreadcrumbList","@id":"https:\/\/pubfrancois.fr\/shop\/product\/kit-adhesifs-de-sol-covid-19\/#breadcrumb","itemListElement":[{"@type":"ListItem","position":1,"name":"Accueil","item":"https:\/\/pubfrancois.fr\/shop\/"},{"@type":"ListItem","position":2,"name":"boutique","item":"https:\/\/pubfrancois.fr\/shop\/shop\/"},{"@type":"ListItem","position":3,"name":"Kit adh\u00e9sifs de sol COVID-19"}]},{"@type":"WebSite","@id":"https:\/\/pubfrancois.fr\/shop\/#website","url":"https:\/\/pubfrancois.fr\/shop\/","name":"Publicit\u00e9 Fran\u00e7ois Shop","description":"Enseignes et signal\u00e9tique \u00e0 Saint-L\u00f4","publisher":{"@id":"https:\/\/pubfrancois.fr\/shop\/#organization"},"potentialAction":[{"@type":"SearchAction","target":{"@type":"EntryPoint","urlTemplate":"https:\/\/pubfrancois.fr\/shop\/?s={search_term_string}"},"query-input":{"@type":"PropertyValueSpecification","valueRequired":true,"valueName":"search_term_string"}}],"inLanguage":"fr-FR"},{"@type":"Organization","@id":"https:\/\/pubfrancois.fr\/shop\/#organization","name":"Publicite Frann\u00e7ois","url":"https:\/\/pubfrancois.fr\/shop\/","logo":{"@type":"ImageObject","inLanguage":"fr-FR","@id":"https:\/\/pubfrancois.fr\/shop\/#\/schema\/logo\/image\/","url":"https:\/\/pubfrancois.fr\/shop\/wp-content\/uploads\/2020\/04\/logo-pub-francois.png","contentUrl":"https:\/\/pubfrancois.fr\/shop\/wp-content\/uploads\/2020\/04\/logo-pub-francois.png","width":270,"height":106,"caption":"Publicite Frann\u00e7ois"},"image":{"@id":"https:\/\/pubfrancois.fr\/shop\/#\/schema\/logo\/image\/"}}]}},"_links":{"self":[{"href":"https:\/\/pubfrancois.fr\/shop\/wp-json\/wp\/v2\/product\/10820"}],"collection":[{"href":"https:\/\/pubfrancois.fr\/shop\/wp-json\/wp\/v2\/product"}],"about":[{"href":"https:\/\/pubfrancois.fr\/shop\/wp-json\/wp\/v2\/types\/product"}],"wp:featuredmedia":[{"embeddable":true,"href":"https:\/\/pubfrancois.fr\/shop\/wp-json\/wp\/v2\/media\/10829"}],"wp:attachment":[{"href":"https:\/\/pubfrancois.fr\/shop\/wp-json\/wp\/v2\/media?parent=10820"}],"wp:term":[{"taxonomy":"product_cat","embeddable":true,"href":"https:\/\/pubfrancois.fr\/shop\/wp-json\/wp\/v2\/product_cat?post=10820"},{"taxonomy":"product_tag","embeddable":true,"href":"https:\/\/pubfrancois.fr\/shop\/wp-json\/wp\/v2\/product_tag?post=10820"}],"curies":[{"name":"wp","href":"https:\/\/api.w.org\/{rel}","templated":true}]}}