{"id":10756,"date":"2020-05-13T14:02:56","date_gmt":"2020-05-13T12:02:56","guid":{"rendered":"https:\/\/pubfrancois.fr\/shop\/?post_type=product&#038;p=10756"},"modified":"2020-05-25T11:35:49","modified_gmt":"2020-05-25T09:35:49","slug":"visiere-de-protection-kids","status":"publish","type":"product","link":"https:\/\/pubfrancois.fr\/shop\/product\/visiere-de-protection-kids\/","title":{"rendered":"Visi\u00e8re de protection \u00ab\u00a0kids\u00a0\u00bb"},"content":{"rendered":"<p>[vc_row][vc_column width=\u00a0\u00bb5\/6&Prime; gradient_colors=\u00a0\u00bb%5B%7B%7D%5D\u00a0\u00bb offset=\u00a0\u00bbvc_col-lg-offset-0 vc_col-lg-12 vc_col-md-offset-0 vc_col-md-12 vc_col-sm-offset-1 vc_col-xs-12&Prime;][vc_row_inner][vc_column_inner offset=\u00a0\u00bbvc_col-lg-offset-2 vc_col-lg-8 vc_col-md-offset-2 vc_col-md-8&Prime;][vc_column_text]<\/p>\n<div style=\"width: 1200px;\" class=\"wp-video\"><!--[if lt IE 9]><script>document.createElement('video');<\/script><![endif]-->\n<video class=\"wp-video-shortcode\" id=\"video-10756-1\" width=\"1200\" height=\"675\" preload=\"metadata\" controls=\"controls\"><source type=\"video\/mp4\" src=\"https:\/\/pubfrancois.fr\/shop\/wp-content\/uploads\/2020\/04\/tuto-visiere-demontage-nettoyage-remontage.mp4?_=1\" \/><a href=\"https:\/\/pubfrancois.fr\/shop\/wp-content\/uploads\/2020\/04\/tuto-visiere-demontage-nettoyage-remontage.mp4\">https:\/\/pubfrancois.fr\/shop\/wp-content\/uploads\/2020\/04\/tuto-visiere-demontage-nettoyage-remontage.mp4<\/a><\/video><\/div>\n<p>[\/vc_column_text][\/vc_column_inner][\/vc_row_inner][\/vc_column][\/vc_row][vc_row][vc_column][vc_column_text]<\/p>\n<blockquote><p>Monsieur Gr\u00e9gory Fran\u00e7ois m\u2019a contact\u00e9 pour proposer son aide dans le cadre de la lutte contre l\u2019\u00e9pid\u00e9mie de COVID 19. Il nous a pr\u00e9sent\u00e9 son prototype de visi\u00e8re de protection destin\u00e9 \u00e0 remplacer les lunettes utilis\u00e9es jusqu\u2019\u00e0 pr\u00e9sent et qui venaient \u00e0 manquer.<\/p>\n<p>Apr\u00e8s validation du mat\u00e9riau par le service d\u2019hygi\u00e8ne de l\u2019h\u00f4pital de Saint L\u00f4, nous avons r\u00e9alis\u00e9 des essais dans les services de soin accueillant des patients atteints du COVID-19. Apr\u00e8s quelques adaptations pour rendre cet \u00e9quipement plus facile \u00e0 monter, nous avons valid\u00e9 le mod\u00e8le et les Enseignes Fran\u00e7ois ont fabriqu\u00e9 tr\u00e8s rapidement un grand nombre de visi\u00e8re sur leurs \u00e9quipements de d\u00e9coupe laser. Nous avons pu ainsi fournir ces protections de qualit\u00e9, pl\u00e9biscit\u00e9es par les professionnels de sant\u00e9, aux h\u00f4pitaux de Saint L\u00f4 et Coutances mais aussi aux EHPAD du groupement hospitalier et aux m\u00e9decins lib\u00e9raux.<\/p>\n<p>Les avantages de cet \u00e9quipement :<\/p>\n<p>&#8211; Un seul mat\u00e9riau, l\u00e9ger et facile \u00e0 d\u00e9sinfecter<br \/>\n&#8211; Tr\u00e8s couvrant donc bonne protection<br \/>\n&#8211; Montage ultra-simple<br \/>\n&#8211; Ajustable \u00e0 toutes les t\u00eates !<\/p>\n<p style=\"text-align: right;\">Eric VERNIER<br \/>\n<em><span style=\"font-size: 10pt;\">Directeur des travaux, de la logistique et de la transition \u00e9cologique<br \/>\n<\/span><span style=\"font-size: 10pt;\">Centre Hospitalier\u00a0de\u00a0Saint-L\u00f4<\/span><\/em><\/p>\n<\/blockquote>\n<p>[\/vc_column_text][vc_message message_box_style=\u00a0\u00bbsolid-icon\u00a0\u00bb style=\u00a0\u00bbsquare\u00a0\u00bb message_box_color=\u00a0\u00bbwarning\u00a0\u00bb icon_fontawesome=\u00a0\u00bbfas fa-exclamation-triangle\u00a0\u00bb css_animation=\u00a0\u00bbappear\u00a0\u00bb]Les visi\u00e8res ne permettent pas de prot\u00e9ger des particules restant en suspension et n&rsquo;ont pas l&rsquo;efficacit\u00e9 des masques de protection respiratoire (FFP2, FFP3) : elles n&rsquo;ont pour utilit\u00e9 que de prot\u00e9ger les yeux, qui sont effectivement l&rsquo;un des points d&rsquo;entr\u00e9es du virus ; elles ne peuvent donc pas remplacer l&rsquo;usage des masques filtrants prot\u00e9geant le nez et a bouche.[\/vc_message][\/vc_column][\/vc_row]<\/p>\n","protected":false},"excerpt":{"rendered":"<p>Visi\u00e8re de protection \u00ab\u00a0kids\u00a0\u00bb adapt\u00e9e \u00e0 la morphologie des enfants.<\/p>\n<p>En PET ou PETG incolore \u00e9p. 1mm. 1 taille standard, avec bride r\u00e9glable.<br \/>\nR\u00e9utilisable apr\u00e8s d\u00e9sinfection.<\/p>\n<p>NB : Pour le nettoyage, il faut enlever la bride du masque et effectuer le nettoyage \u00e0 plat.<\/p>\n<p>Visi\u00e8re d\u00e9velopp\u00e9e et valid\u00e9e par le service Hygi\u00e8ne de l&rsquo;H\u00f4pital M\u00e9morial de Saint-L\u00f4.<\/p>\n","protected":false},"featured_media":10764,"template":"","meta":[],"product_cat":[149,188],"product_tag":[],"yoast_head":"<!-- This site is optimized with the Yoast SEO plugin v24.5 - https:\/\/yoast.com\/wordpress\/plugins\/seo\/ -->\n<title>Visi\u00e8re de protection &quot;kids&quot; - Publicit\u00e9 Fran\u00e7ois Shop<\/title>\n<meta name=\"robots\" content=\"index, follow, max-snippet:-1, max-image-preview:large, max-video-preview:-1\" \/>\n<link rel=\"canonical\" href=\"https:\/\/pubfrancois.fr\/shop\/product\/visiere-de-protection-kids\/\" \/>\n<meta property=\"og:locale\" content=\"fr_FR\" \/>\n<meta property=\"og:type\" content=\"article\" \/>\n<meta property=\"og:title\" content=\"Visi\u00e8re de protection &quot;kids&quot; - Publicit\u00e9 Fran\u00e7ois Shop\" \/>\n<meta property=\"og:description\" content=\"Visi\u00e8re de protection &quot;kids&quot; adapt\u00e9e \u00e0 la morphologie des enfants.  En PET ou PETG incolore \u00e9p. 1mm. 1 taille standard, avec bride r\u00e9glable. R\u00e9utilisable apr\u00e8s d\u00e9sinfection.  NB : Pour le nettoyage, il faut enlever la bride du masque et effectuer le nettoyage \u00e0 plat.  Visi\u00e8re d\u00e9velopp\u00e9e et valid\u00e9e par le service Hygi\u00e8ne de l&#039;H\u00f4pital M\u00e9morial de Saint-L\u00f4.\" \/>\n<meta property=\"og:url\" content=\"https:\/\/pubfrancois.fr\/shop\/product\/visiere-de-protection-kids\/\" \/>\n<meta property=\"og:site_name\" content=\"Publicit\u00e9 Fran\u00e7ois Shop\" \/>\n<meta property=\"article:modified_time\" content=\"2020-05-25T09:35:49+00:00\" \/>\n<meta property=\"og:image\" content=\"https:\/\/pubfrancois.fr\/shop\/wp-content\/uploads\/2020\/05\/visiere-kids2.jpg\" \/>\n\t<meta property=\"og:image:width\" content=\"456\" \/>\n\t<meta property=\"og:image:height\" content=\"342\" \/>\n\t<meta property=\"og:image:type\" content=\"image\/jpeg\" \/>\n<meta name=\"twitter:card\" content=\"summary_large_image\" \/>\n<meta name=\"twitter:label1\" content=\"Dur\u00e9e de lecture estim\u00e9e\" \/>\n\t<meta name=\"twitter:data1\" content=\"2 minutes\" \/>\n<script type=\"application\/ld+json\" class=\"yoast-schema-graph\">{\"@context\":\"https:\/\/schema.org\",\"@graph\":[{\"@type\":\"WebPage\",\"@id\":\"https:\/\/pubfrancois.fr\/shop\/product\/visiere-de-protection-kids\/\",\"url\":\"https:\/\/pubfrancois.fr\/shop\/product\/visiere-de-protection-kids\/\",\"name\":\"Visi\u00e8re de protection \\\"kids\\\" - Publicit\u00e9 Fran\u00e7ois Shop\",\"isPartOf\":{\"@id\":\"https:\/\/pubfrancois.fr\/shop\/#website\"},\"primaryImageOfPage\":{\"@id\":\"https:\/\/pubfrancois.fr\/shop\/product\/visiere-de-protection-kids\/#primaryimage\"},\"image\":{\"@id\":\"https:\/\/pubfrancois.fr\/shop\/product\/visiere-de-protection-kids\/#primaryimage\"},\"thumbnailUrl\":\"https:\/\/pubfrancois.fr\/shop\/wp-content\/uploads\/2020\/05\/visiere-kids2.jpg\",\"datePublished\":\"2020-05-13T12:02:56+00:00\",\"dateModified\":\"2020-05-25T09:35:49+00:00\",\"breadcrumb\":{\"@id\":\"https:\/\/pubfrancois.fr\/shop\/product\/visiere-de-protection-kids\/#breadcrumb\"},\"inLanguage\":\"fr-FR\",\"potentialAction\":[{\"@type\":\"ReadAction\",\"target\":[\"https:\/\/pubfrancois.fr\/shop\/product\/visiere-de-protection-kids\/\"]}]},{\"@type\":\"ImageObject\",\"inLanguage\":\"fr-FR\",\"@id\":\"https:\/\/pubfrancois.fr\/shop\/product\/visiere-de-protection-kids\/#primaryimage\",\"url\":\"https:\/\/pubfrancois.fr\/shop\/wp-content\/uploads\/2020\/05\/visiere-kids2.jpg\",\"contentUrl\":\"https:\/\/pubfrancois.fr\/shop\/wp-content\/uploads\/2020\/05\/visiere-kids2.jpg\",\"width\":456,\"height\":342},{\"@type\":\"BreadcrumbList\",\"@id\":\"https:\/\/pubfrancois.fr\/shop\/product\/visiere-de-protection-kids\/#breadcrumb\",\"itemListElement\":[{\"@type\":\"ListItem\",\"position\":1,\"name\":\"Accueil\",\"item\":\"https:\/\/pubfrancois.fr\/shop\/\"},{\"@type\":\"ListItem\",\"position\":2,\"name\":\"boutique\",\"item\":\"https:\/\/pubfrancois.fr\/shop\/shop\/\"},{\"@type\":\"ListItem\",\"position\":3,\"name\":\"Visi\u00e8re de protection \u00ab\u00a0kids\u00a0\u00bb\"}]},{\"@type\":\"WebSite\",\"@id\":\"https:\/\/pubfrancois.fr\/shop\/#website\",\"url\":\"https:\/\/pubfrancois.fr\/shop\/\",\"name\":\"Publicit\u00e9 Fran\u00e7ois Shop\",\"description\":\"Enseignes et signal\u00e9tique \u00e0 Saint-L\u00f4\",\"publisher\":{\"@id\":\"https:\/\/pubfrancois.fr\/shop\/#organization\"},\"potentialAction\":[{\"@type\":\"SearchAction\",\"target\":{\"@type\":\"EntryPoint\",\"urlTemplate\":\"https:\/\/pubfrancois.fr\/shop\/?s={search_term_string}\"},\"query-input\":{\"@type\":\"PropertyValueSpecification\",\"valueRequired\":true,\"valueName\":\"search_term_string\"}}],\"inLanguage\":\"fr-FR\"},{\"@type\":\"Organization\",\"@id\":\"https:\/\/pubfrancois.fr\/shop\/#organization\",\"name\":\"Publicite Frann\u00e7ois\",\"url\":\"https:\/\/pubfrancois.fr\/shop\/\",\"logo\":{\"@type\":\"ImageObject\",\"inLanguage\":\"fr-FR\",\"@id\":\"https:\/\/pubfrancois.fr\/shop\/#\/schema\/logo\/image\/\",\"url\":\"https:\/\/pubfrancois.fr\/shop\/wp-content\/uploads\/2020\/04\/logo-pub-francois.png\",\"contentUrl\":\"https:\/\/pubfrancois.fr\/shop\/wp-content\/uploads\/2020\/04\/logo-pub-francois.png\",\"width\":270,\"height\":106,\"caption\":\"Publicite Frann\u00e7ois\"},\"image\":{\"@id\":\"https:\/\/pubfrancois.fr\/shop\/#\/schema\/logo\/image\/\"}}]}<\/script>\n<!-- \/ Yoast SEO plugin. -->","yoast_head_json":{"title":"Visi\u00e8re de protection \"kids\" - Publicit\u00e9 Fran\u00e7ois Shop","robots":{"index":"index","follow":"follow","max-snippet":"max-snippet:-1","max-image-preview":"max-image-preview:large","max-video-preview":"max-video-preview:-1"},"canonical":"https:\/\/pubfrancois.fr\/shop\/product\/visiere-de-protection-kids\/","og_locale":"fr_FR","og_type":"article","og_title":"Visi\u00e8re de protection \"kids\" - Publicit\u00e9 Fran\u00e7ois Shop","og_description":"Visi\u00e8re de protection \"kids\" adapt\u00e9e \u00e0 la morphologie des enfants.  En PET ou PETG incolore \u00e9p. 1mm. 1 taille standard, avec bride r\u00e9glable. R\u00e9utilisable apr\u00e8s d\u00e9sinfection.  NB : Pour le nettoyage, il faut enlever la bride du masque et effectuer le nettoyage \u00e0 plat.  Visi\u00e8re d\u00e9velopp\u00e9e et valid\u00e9e par le service Hygi\u00e8ne de l'H\u00f4pital M\u00e9morial de Saint-L\u00f4.","og_url":"https:\/\/pubfrancois.fr\/shop\/product\/visiere-de-protection-kids\/","og_site_name":"Publicit\u00e9 Fran\u00e7ois Shop","article_modified_time":"2020-05-25T09:35:49+00:00","og_image":[{"width":456,"height":342,"url":"https:\/\/pubfrancois.fr\/shop\/wp-content\/uploads\/2020\/05\/visiere-kids2.jpg","type":"image\/jpeg"}],"twitter_card":"summary_large_image","twitter_misc":{"Dur\u00e9e de lecture estim\u00e9e":"2 minutes"},"schema":{"@context":"https:\/\/schema.org","@graph":[{"@type":"WebPage","@id":"https:\/\/pubfrancois.fr\/shop\/product\/visiere-de-protection-kids\/","url":"https:\/\/pubfrancois.fr\/shop\/product\/visiere-de-protection-kids\/","name":"Visi\u00e8re de protection \"kids\" - Publicit\u00e9 Fran\u00e7ois Shop","isPartOf":{"@id":"https:\/\/pubfrancois.fr\/shop\/#website"},"primaryImageOfPage":{"@id":"https:\/\/pubfrancois.fr\/shop\/product\/visiere-de-protection-kids\/#primaryimage"},"image":{"@id":"https:\/\/pubfrancois.fr\/shop\/product\/visiere-de-protection-kids\/#primaryimage"},"thumbnailUrl":"https:\/\/pubfrancois.fr\/shop\/wp-content\/uploads\/2020\/05\/visiere-kids2.jpg","datePublished":"2020-05-13T12:02:56+00:00","dateModified":"2020-05-25T09:35:49+00:00","breadcrumb":{"@id":"https:\/\/pubfrancois.fr\/shop\/product\/visiere-de-protection-kids\/#breadcrumb"},"inLanguage":"fr-FR","potentialAction":[{"@type":"ReadAction","target":["https:\/\/pubfrancois.fr\/shop\/product\/visiere-de-protection-kids\/"]}]},{"@type":"ImageObject","inLanguage":"fr-FR","@id":"https:\/\/pubfrancois.fr\/shop\/product\/visiere-de-protection-kids\/#primaryimage","url":"https:\/\/pubfrancois.fr\/shop\/wp-content\/uploads\/2020\/05\/visiere-kids2.jpg","contentUrl":"https:\/\/pubfrancois.fr\/shop\/wp-content\/uploads\/2020\/05\/visiere-kids2.jpg","width":456,"height":342},{"@type":"BreadcrumbList","@id":"https:\/\/pubfrancois.fr\/shop\/product\/visiere-de-protection-kids\/#breadcrumb","itemListElement":[{"@type":"ListItem","position":1,"name":"Accueil","item":"https:\/\/pubfrancois.fr\/shop\/"},{"@type":"ListItem","position":2,"name":"boutique","item":"https:\/\/pubfrancois.fr\/shop\/shop\/"},{"@type":"ListItem","position":3,"name":"Visi\u00e8re de protection \u00ab\u00a0kids\u00a0\u00bb"}]},{"@type":"WebSite","@id":"https:\/\/pubfrancois.fr\/shop\/#website","url":"https:\/\/pubfrancois.fr\/shop\/","name":"Publicit\u00e9 Fran\u00e7ois Shop","description":"Enseignes et signal\u00e9tique \u00e0 Saint-L\u00f4","publisher":{"@id":"https:\/\/pubfrancois.fr\/shop\/#organization"},"potentialAction":[{"@type":"SearchAction","target":{"@type":"EntryPoint","urlTemplate":"https:\/\/pubfrancois.fr\/shop\/?s={search_term_string}"},"query-input":{"@type":"PropertyValueSpecification","valueRequired":true,"valueName":"search_term_string"}}],"inLanguage":"fr-FR"},{"@type":"Organization","@id":"https:\/\/pubfrancois.fr\/shop\/#organization","name":"Publicite Frann\u00e7ois","url":"https:\/\/pubfrancois.fr\/shop\/","logo":{"@type":"ImageObject","inLanguage":"fr-FR","@id":"https:\/\/pubfrancois.fr\/shop\/#\/schema\/logo\/image\/","url":"https:\/\/pubfrancois.fr\/shop\/wp-content\/uploads\/2020\/04\/logo-pub-francois.png","contentUrl":"https:\/\/pubfrancois.fr\/shop\/wp-content\/uploads\/2020\/04\/logo-pub-francois.png","width":270,"height":106,"caption":"Publicite Frann\u00e7ois"},"image":{"@id":"https:\/\/pubfrancois.fr\/shop\/#\/schema\/logo\/image\/"}}]}},"_links":{"self":[{"href":"https:\/\/pubfrancois.fr\/shop\/wp-json\/wp\/v2\/product\/10756"}],"collection":[{"href":"https:\/\/pubfrancois.fr\/shop\/wp-json\/wp\/v2\/product"}],"about":[{"href":"https:\/\/pubfrancois.fr\/shop\/wp-json\/wp\/v2\/types\/product"}],"wp:featuredmedia":[{"embeddable":true,"href":"https:\/\/pubfrancois.fr\/shop\/wp-json\/wp\/v2\/media\/10764"}],"wp:attachment":[{"href":"https:\/\/pubfrancois.fr\/shop\/wp-json\/wp\/v2\/media?parent=10756"}],"wp:term":[{"taxonomy":"product_cat","embeddable":true,"href":"https:\/\/pubfrancois.fr\/shop\/wp-json\/wp\/v2\/product_cat?post=10756"},{"taxonomy":"product_tag","embeddable":true,"href":"https:\/\/pubfrancois.fr\/shop\/wp-json\/wp\/v2\/product_tag?post=10756"}],"curies":[{"name":"wp","href":"https:\/\/api.w.org\/{rel}","templated":true}]}}