{"id":10499,"date":"2020-04-16T09:59:10","date_gmt":"2020-04-16T07:59:10","guid":{"rendered":"https:\/\/pubfrancois.fr\/shop\/?post_type=product&#038;p=10499"},"modified":"2020-05-25T11:36:14","modified_gmt":"2020-05-25T09:36:14","slug":"pare-postillons-1500-x-650mm","status":"publish","type":"product","link":"https:\/\/pubfrancois.fr\/shop\/product\/pare-postillons-1500-x-650mm\/","title":{"rendered":"Pare-postillons 1500 x 650mm"},"content":{"rendered":"","protected":false},"excerpt":{"rendered":"<p>Pare-postillons en PMMA ou polycarbonate incolore \u00e9paisseur 3mm.<br \/>\nDimensions env. 1500 x 650mm de haut avec 3 pieds emboitables pour mise en place autoportante sur bureau ou comptoir haut.<br \/>\nEncoche en partie basse dimensions 200x100mm pour paiement ou passage petits objets.<\/p>\n<p>Ce produit existe aussi en version 750 x 650mm<span style=\"color: #3366ff;\"> <a style=\"color: #3366ff;\" href=\"https:\/\/pubfrancois.fr\/shop\/product\/pare-postillons-750-x-650mm\/\">voir le produit<\/a><\/span><\/p>\n<p><em>NB : la mati\u00e8re et l&rsquo;\u00e9paisseur pourront \u00eatre modifi\u00e9es en fonction de la disponibilit\u00e9 des mat\u00e9riaux chez nos fournisseurs.<\/em><br \/>\n<em><span class=\"s1\">Prix au 15\/04\/2020 susceptibles de modifications suivant variation des co\u00fbts des mati\u00e8res premi\u00e8res.<\/span><\/em><\/p>\n","protected":false},"featured_media":10502,"template":"","meta":[],"product_cat":[186,149],"product_tag":[],"yoast_head":"<!-- This site is optimized with the Yoast SEO plugin v24.5 - https:\/\/yoast.com\/wordpress\/plugins\/seo\/ -->\n<title>Pare-postillons 1500 x 650mm - Publicit\u00e9 Fran\u00e7ois Shop<\/title>\n<meta name=\"robots\" content=\"index, follow, max-snippet:-1, max-image-preview:large, max-video-preview:-1\" \/>\n<link rel=\"canonical\" href=\"https:\/\/pubfrancois.fr\/shop\/product\/pare-postillons-1500-x-650mm\/\" \/>\n<meta property=\"og:locale\" content=\"fr_FR\" \/>\n<meta property=\"og:type\" content=\"article\" \/>\n<meta property=\"og:title\" content=\"Pare-postillons 1500 x 650mm - Publicit\u00e9 Fran\u00e7ois Shop\" \/>\n<meta property=\"og:description\" content=\"Pare-postillons en PMMA ou polycarbonate incolore \u00e9paisseur 3mm. Dimensions env. 1500 x 650mm de haut avec 3 pieds emboitables pour mise en place autoportante sur bureau ou comptoir haut. Encoche en partie basse dimensions 200x100mm pour paiement ou passage petits objets.  Ce produit existe aussi en version 750 x 650mm voir le produit  NB : la mati\u00e8re et l&#039;\u00e9paisseur pourront \u00eatre modifi\u00e9es en fonction de la disponibilit\u00e9 des mat\u00e9riaux chez nos fournisseurs. Prix au 15\/04\/2020 susceptibles de modifications suivant variation des co\u00fbts des mati\u00e8res premi\u00e8res.\" \/>\n<meta property=\"og:url\" content=\"https:\/\/pubfrancois.fr\/shop\/product\/pare-postillons-1500-x-650mm\/\" \/>\n<meta property=\"og:site_name\" content=\"Publicit\u00e9 Fran\u00e7ois Shop\" \/>\n<meta property=\"article:modified_time\" content=\"2020-05-25T09:36:14+00:00\" \/>\n<meta property=\"og:image\" content=\"https:\/\/pubfrancois.fr\/shop\/wp-content\/uploads\/2020\/04\/grand-pare-postillons.jpg\" \/>\n\t<meta property=\"og:image:width\" content=\"1824\" \/>\n\t<meta property=\"og:image:height\" content=\"1368\" \/>\n\t<meta property=\"og:image:type\" content=\"image\/jpeg\" \/>\n<meta name=\"twitter:card\" content=\"summary_large_image\" \/>\n<script type=\"application\/ld+json\" class=\"yoast-schema-graph\">{\"@context\":\"https:\/\/schema.org\",\"@graph\":[{\"@type\":\"WebPage\",\"@id\":\"https:\/\/pubfrancois.fr\/shop\/product\/pare-postillons-1500-x-650mm\/\",\"url\":\"https:\/\/pubfrancois.fr\/shop\/product\/pare-postillons-1500-x-650mm\/\",\"name\":\"Pare-postillons 1500 x 650mm - Publicit\u00e9 Fran\u00e7ois Shop\",\"isPartOf\":{\"@id\":\"https:\/\/pubfrancois.fr\/shop\/#website\"},\"primaryImageOfPage\":{\"@id\":\"https:\/\/pubfrancois.fr\/shop\/product\/pare-postillons-1500-x-650mm\/#primaryimage\"},\"image\":{\"@id\":\"https:\/\/pubfrancois.fr\/shop\/product\/pare-postillons-1500-x-650mm\/#primaryimage\"},\"thumbnailUrl\":\"https:\/\/pubfrancois.fr\/shop\/wp-content\/uploads\/2020\/04\/grand-pare-postillons.jpg\",\"datePublished\":\"2020-04-16T07:59:10+00:00\",\"dateModified\":\"2020-05-25T09:36:14+00:00\",\"breadcrumb\":{\"@id\":\"https:\/\/pubfrancois.fr\/shop\/product\/pare-postillons-1500-x-650mm\/#breadcrumb\"},\"inLanguage\":\"fr-FR\",\"potentialAction\":[{\"@type\":\"ReadAction\",\"target\":[\"https:\/\/pubfrancois.fr\/shop\/product\/pare-postillons-1500-x-650mm\/\"]}]},{\"@type\":\"ImageObject\",\"inLanguage\":\"fr-FR\",\"@id\":\"https:\/\/pubfrancois.fr\/shop\/product\/pare-postillons-1500-x-650mm\/#primaryimage\",\"url\":\"https:\/\/pubfrancois.fr\/shop\/wp-content\/uploads\/2020\/04\/grand-pare-postillons.jpg\",\"contentUrl\":\"https:\/\/pubfrancois.fr\/shop\/wp-content\/uploads\/2020\/04\/grand-pare-postillons.jpg\",\"width\":1824,\"height\":1368},{\"@type\":\"BreadcrumbList\",\"@id\":\"https:\/\/pubfrancois.fr\/shop\/product\/pare-postillons-1500-x-650mm\/#breadcrumb\",\"itemListElement\":[{\"@type\":\"ListItem\",\"position\":1,\"name\":\"Accueil\",\"item\":\"https:\/\/pubfrancois.fr\/shop\/\"},{\"@type\":\"ListItem\",\"position\":2,\"name\":\"boutique\",\"item\":\"https:\/\/pubfrancois.fr\/shop\/shop\/\"},{\"@type\":\"ListItem\",\"position\":3,\"name\":\"Pare-postillons 1500 x 650mm\"}]},{\"@type\":\"WebSite\",\"@id\":\"https:\/\/pubfrancois.fr\/shop\/#website\",\"url\":\"https:\/\/pubfrancois.fr\/shop\/\",\"name\":\"Publicit\u00e9 Fran\u00e7ois Shop\",\"description\":\"Enseignes et signal\u00e9tique \u00e0 Saint-L\u00f4\",\"publisher\":{\"@id\":\"https:\/\/pubfrancois.fr\/shop\/#organization\"},\"potentialAction\":[{\"@type\":\"SearchAction\",\"target\":{\"@type\":\"EntryPoint\",\"urlTemplate\":\"https:\/\/pubfrancois.fr\/shop\/?s={search_term_string}\"},\"query-input\":{\"@type\":\"PropertyValueSpecification\",\"valueRequired\":true,\"valueName\":\"search_term_string\"}}],\"inLanguage\":\"fr-FR\"},{\"@type\":\"Organization\",\"@id\":\"https:\/\/pubfrancois.fr\/shop\/#organization\",\"name\":\"Publicite Frann\u00e7ois\",\"url\":\"https:\/\/pubfrancois.fr\/shop\/\",\"logo\":{\"@type\":\"ImageObject\",\"inLanguage\":\"fr-FR\",\"@id\":\"https:\/\/pubfrancois.fr\/shop\/#\/schema\/logo\/image\/\",\"url\":\"https:\/\/pubfrancois.fr\/shop\/wp-content\/uploads\/2020\/04\/logo-pub-francois.png\",\"contentUrl\":\"https:\/\/pubfrancois.fr\/shop\/wp-content\/uploads\/2020\/04\/logo-pub-francois.png\",\"width\":270,\"height\":106,\"caption\":\"Publicite Frann\u00e7ois\"},\"image\":{\"@id\":\"https:\/\/pubfrancois.fr\/shop\/#\/schema\/logo\/image\/\"}}]}<\/script>\n<!-- \/ Yoast SEO plugin. -->","yoast_head_json":{"title":"Pare-postillons 1500 x 650mm - Publicit\u00e9 Fran\u00e7ois Shop","robots":{"index":"index","follow":"follow","max-snippet":"max-snippet:-1","max-image-preview":"max-image-preview:large","max-video-preview":"max-video-preview:-1"},"canonical":"https:\/\/pubfrancois.fr\/shop\/product\/pare-postillons-1500-x-650mm\/","og_locale":"fr_FR","og_type":"article","og_title":"Pare-postillons 1500 x 650mm - Publicit\u00e9 Fran\u00e7ois Shop","og_description":"Pare-postillons en PMMA ou polycarbonate incolore \u00e9paisseur 3mm. Dimensions env. 1500 x 650mm de haut avec 3 pieds emboitables pour mise en place autoportante sur bureau ou comptoir haut. Encoche en partie basse dimensions 200x100mm pour paiement ou passage petits objets.  Ce produit existe aussi en version 750 x 650mm voir le produit  NB : la mati\u00e8re et l'\u00e9paisseur pourront \u00eatre modifi\u00e9es en fonction de la disponibilit\u00e9 des mat\u00e9riaux chez nos fournisseurs. Prix au 15\/04\/2020 susceptibles de modifications suivant variation des co\u00fbts des mati\u00e8res premi\u00e8res.","og_url":"https:\/\/pubfrancois.fr\/shop\/product\/pare-postillons-1500-x-650mm\/","og_site_name":"Publicit\u00e9 Fran\u00e7ois Shop","article_modified_time":"2020-05-25T09:36:14+00:00","og_image":[{"width":1824,"height":1368,"url":"https:\/\/pubfrancois.fr\/shop\/wp-content\/uploads\/2020\/04\/grand-pare-postillons.jpg","type":"image\/jpeg"}],"twitter_card":"summary_large_image","schema":{"@context":"https:\/\/schema.org","@graph":[{"@type":"WebPage","@id":"https:\/\/pubfrancois.fr\/shop\/product\/pare-postillons-1500-x-650mm\/","url":"https:\/\/pubfrancois.fr\/shop\/product\/pare-postillons-1500-x-650mm\/","name":"Pare-postillons 1500 x 650mm - Publicit\u00e9 Fran\u00e7ois Shop","isPartOf":{"@id":"https:\/\/pubfrancois.fr\/shop\/#website"},"primaryImageOfPage":{"@id":"https:\/\/pubfrancois.fr\/shop\/product\/pare-postillons-1500-x-650mm\/#primaryimage"},"image":{"@id":"https:\/\/pubfrancois.fr\/shop\/product\/pare-postillons-1500-x-650mm\/#primaryimage"},"thumbnailUrl":"https:\/\/pubfrancois.fr\/shop\/wp-content\/uploads\/2020\/04\/grand-pare-postillons.jpg","datePublished":"2020-04-16T07:59:10+00:00","dateModified":"2020-05-25T09:36:14+00:00","breadcrumb":{"@id":"https:\/\/pubfrancois.fr\/shop\/product\/pare-postillons-1500-x-650mm\/#breadcrumb"},"inLanguage":"fr-FR","potentialAction":[{"@type":"ReadAction","target":["https:\/\/pubfrancois.fr\/shop\/product\/pare-postillons-1500-x-650mm\/"]}]},{"@type":"ImageObject","inLanguage":"fr-FR","@id":"https:\/\/pubfrancois.fr\/shop\/product\/pare-postillons-1500-x-650mm\/#primaryimage","url":"https:\/\/pubfrancois.fr\/shop\/wp-content\/uploads\/2020\/04\/grand-pare-postillons.jpg","contentUrl":"https:\/\/pubfrancois.fr\/shop\/wp-content\/uploads\/2020\/04\/grand-pare-postillons.jpg","width":1824,"height":1368},{"@type":"BreadcrumbList","@id":"https:\/\/pubfrancois.fr\/shop\/product\/pare-postillons-1500-x-650mm\/#breadcrumb","itemListElement":[{"@type":"ListItem","position":1,"name":"Accueil","item":"https:\/\/pubfrancois.fr\/shop\/"},{"@type":"ListItem","position":2,"name":"boutique","item":"https:\/\/pubfrancois.fr\/shop\/shop\/"},{"@type":"ListItem","position":3,"name":"Pare-postillons 1500 x 650mm"}]},{"@type":"WebSite","@id":"https:\/\/pubfrancois.fr\/shop\/#website","url":"https:\/\/pubfrancois.fr\/shop\/","name":"Publicit\u00e9 Fran\u00e7ois Shop","description":"Enseignes et signal\u00e9tique \u00e0 Saint-L\u00f4","publisher":{"@id":"https:\/\/pubfrancois.fr\/shop\/#organization"},"potentialAction":[{"@type":"SearchAction","target":{"@type":"EntryPoint","urlTemplate":"https:\/\/pubfrancois.fr\/shop\/?s={search_term_string}"},"query-input":{"@type":"PropertyValueSpecification","valueRequired":true,"valueName":"search_term_string"}}],"inLanguage":"fr-FR"},{"@type":"Organization","@id":"https:\/\/pubfrancois.fr\/shop\/#organization","name":"Publicite Frann\u00e7ois","url":"https:\/\/pubfrancois.fr\/shop\/","logo":{"@type":"ImageObject","inLanguage":"fr-FR","@id":"https:\/\/pubfrancois.fr\/shop\/#\/schema\/logo\/image\/","url":"https:\/\/pubfrancois.fr\/shop\/wp-content\/uploads\/2020\/04\/logo-pub-francois.png","contentUrl":"https:\/\/pubfrancois.fr\/shop\/wp-content\/uploads\/2020\/04\/logo-pub-francois.png","width":270,"height":106,"caption":"Publicite Frann\u00e7ois"},"image":{"@id":"https:\/\/pubfrancois.fr\/shop\/#\/schema\/logo\/image\/"}}]}},"_links":{"self":[{"href":"https:\/\/pubfrancois.fr\/shop\/wp-json\/wp\/v2\/product\/10499"}],"collection":[{"href":"https:\/\/pubfrancois.fr\/shop\/wp-json\/wp\/v2\/product"}],"about":[{"href":"https:\/\/pubfrancois.fr\/shop\/wp-json\/wp\/v2\/types\/product"}],"wp:featuredmedia":[{"embeddable":true,"href":"https:\/\/pubfrancois.fr\/shop\/wp-json\/wp\/v2\/media\/10502"}],"wp:attachment":[{"href":"https:\/\/pubfrancois.fr\/shop\/wp-json\/wp\/v2\/media?parent=10499"}],"wp:term":[{"taxonomy":"product_cat","embeddable":true,"href":"https:\/\/pubfrancois.fr\/shop\/wp-json\/wp\/v2\/product_cat?post=10499"},{"taxonomy":"product_tag","embeddable":true,"href":"https:\/\/pubfrancois.fr\/shop\/wp-json\/wp\/v2\/product_tag?post=10499"}],"curies":[{"name":"wp","href":"https:\/\/api.w.org\/{rel}","templated":true}]}}