{"id":10289,"date":"2018-10-01T19:42:36","date_gmt":"2018-10-01T19:42:36","guid":{"rendered":"http:\/\/exwatch.templines.org\/?page_id=3"},"modified":"2020-04-17T10:54:56","modified_gmt":"2020-04-17T08:54:56","slug":"mentions-legales","status":"publish","type":"page","link":"https:\/\/pubfrancois.fr\/shop\/mentions-legales\/","title":{"rendered":"Mentions l\u00e9gales"},"content":{"rendered":"<p>Conform\u00e9ment aux dispositions des articles 6-III et 19 de la loi pour la Confiance dans l\u2019\u00c9conomie Num\u00e9rique, nous vous informons que :<br \/>\nLe site internet est \u00e9dit\u00e9 par :<br \/>\nLa soci\u00e9t\u00e9 SAS PUBLICITE FRANCOIS immatricul\u00e9e sous le num\u00e9ro SIRET 907 080 121 00078 et au capital de 1 000 000 \u20ac.<\/p>\n<p>SAS PUBLICITE FRANCOIS<br \/>\nPARC ACTIVITES NEPTUNE 1<br \/>\n775 RUE LOUISE MICHEL<br \/>\n50000 SAINT-L\u00d4<br \/>\nT\u00e9l : 02 33 75 60 60<\/p>\n<p>La responsable de la publication du site internet est M. Gr\u00e9gory FRANCOIS.<\/p>\n<h4>CONCEPTION<\/h4>\n<p><a href=\"https:\/\/www.studioipso.fr\" target=\"_blank\" rel=\"noopener noreferrer\">IPSO, communication print &amp; digitale<\/a><br \/>\n54C, Avenue du Cotentin<br \/>\n50000 Saint Georges Montcocq<\/p>\n<h4>H\u00c9BERGEMENT<\/h4>\n<p>25 Eug\u00e8ne-Marziano<br \/>\n1227 Les Acacias<br \/>\nGen\u00e8ve<br \/>\nSuisse<\/p>\n<h4>conditions g\u00e9n\u00e9rales d\u2019utilisation du site et des services propos\u00e9s.<\/h4>\n<p>L\u2019utilisation du site Internet implique l\u2019acceptation pleine et enti\u00e8re des conditions g\u00e9n\u00e9rales d\u2019utilisation ci-apr\u00e8s d\u00e9crites. Ces conditions d\u2019utilisation sont susceptibles d\u2019\u00eatre modifi\u00e9es ou compl\u00e9t\u00e9es \u00e0 tout moment, les utilisateurs du site Internet sont donc invit\u00e9s \u00e0 les consulter de mani\u00e8re r\u00e9guli\u00e8re.<br \/>\nLe site internet est mis \u00e0 jour r\u00e9guli\u00e8rement. De la m\u00eame fa\u00e7on, les mentions l\u00e9gales peuvent \u00eatre modifi\u00e9es \u00e0 tout moment : elles s\u2019imposent n\u00e9anmoins \u00e0 l\u2019utilisateur qui est invit\u00e9 \u00e0 s\u2019y r\u00e9f\u00e9rer le plus souvent possible afin d\u2019en prendre connaissance.<\/p>\n<h4>limitations contractuelles sur les donn\u00e9es techniques.<\/h4>\n<p>Le site Internet utilise la technologie JavaScript.<br \/>\nLa soci\u00e9t\u00e9 PUBLICITE FRANCOIS ne pourra \u00eatre tenu responsable de dommages mat\u00e9riels li\u00e9s \u00e0 l\u2019utilisation du site Internet. De plus, l\u2019utilisateur du site Internet s\u2019engage \u00e0 acc\u00e9der au site en utilisant un mat\u00e9riel r\u00e9cent, ne contenant pas de virus et avec un navigateur de derni\u00e8re g\u00e9n\u00e9ration mis-\u00e0-jour.<\/p>\n<h4>propri\u00e9t\u00e9 intellectuelle et contrefa\u00e7ons<\/h4>\n<p>PUBLICITE FRANCOIS est propri\u00e9taire des droits de propri\u00e9t\u00e9 intellectuelle ou d\u00e9tient les droits d\u2019usage sur tous les \u00e9l\u00e9ments accessibles sur le site Internet, notamment les textes, images, graphismes, logo, ic\u00f4nes, sons, logiciels.<br \/>\nToute reproduction, repr\u00e9sentation, modification, publication, adaptation de tout ou partie des \u00e9l\u00e9ments de communication du site, quel que soit le moyen ou le proc\u00e9d\u00e9 utilis\u00e9, est interdite, sauf autorisation \u00e9crite pr\u00e9alable de : PUBLICITE FRANCOIS.<br \/>\nToute exploitation non autoris\u00e9e du site Internet ou de l\u2019un quelconque des \u00e9l\u00e9ments qu\u2019il contient sera consid\u00e9r\u00e9e comme constitutive d\u2019une contrefa\u00e7on et poursuivie conform\u00e9ment aux dispositions des articles L.335-2 et suivants du Code de Propri\u00e9t\u00e9 Intellectuelle.<\/p>\n<h4>limitations de responsabilit\u00e9.<\/h4>\n<p>PUBLICITE FRANCOIS ne pourra \u00eatre tenue responsable des dommages directs et indirects caus\u00e9s au mat\u00e9riel de l\u2019utilisateur, lors de l\u2019acc\u00e8s au site Internet www.pubfrancois.fr, et r\u00e9sultant soit de l\u2019utilisation d\u2019un mat\u00e9riel ne r\u00e9pondant pas aux sp\u00e9cifications indiqu\u00e9es plus haut, soit de l\u2019apparition d\u2019un bug ou d\u2019une incompatibilit\u00e9.<\/p>\n<h4>gestion des donn\u00e9es personnelles.<\/h4>\n<p>En France, les donn\u00e9es personnelles sont notamment prot\u00e9g\u00e9es par la loi n\u00b0 78-87 du 6 janvier 1978, la loi n\u00b0 2004-801 du 6 ao\u00fbt 2004, l\u2019article L. 226-13 du Code p\u00e9nal et la Directive Europ\u00e9enne du 24 octobre 1995.<br \/>\nA l\u2019occasion de l\u2019utilisation du site Internet, peuvent \u00eatres recueillies : l\u2019URL des liens par l\u2019interm\u00e9diaire desquels l\u2019utilisateur a acc\u00e9d\u00e9 au site Internet www.pubfrancois.fr, le fournisseur d\u2019acc\u00e8s de l\u2019utilisateur, l\u2019adresse de protocole Internet (IP) de l\u2019utilisateur.<br \/>\nEn tout \u00e9tat de cause PUBLICITE FRANCOIS ne collecte des informations personnelles relatives \u00e0 l\u2019utilisateur que pour le besoin de certains services propos\u00e9s par le site Internet. L\u2019utilisateur fournit ces informations en toute connaissance de cause, notamment lorsqu\u2019il proc\u00e8de par lui-m\u00eame \u00e0 leur saisie. Il est alors pr\u00e9cis\u00e9 \u00e0 l\u2019utilisateur du site internet l\u2019obligation ou non de fournir ces informations.<\/p>\n<p>Conform\u00e9ment aux dispositions des articles 38 et suivants de la loi 78-17 du 6 janvier 1978 relative \u00e0 l\u2019informatique, aux fichiers et aux libert\u00e9s, tout utilisateur dispose d\u2019un droit d\u2019acc\u00e8s, de rectification et d\u2019opposition aux donn\u00e9es personnelles le concernant, en effectuant sa demande \u00e9crite et sign\u00e9e, accompagn\u00e9e d\u2019une copie du titre d\u2019identit\u00e9 avec signature du titulaire de la pi\u00e8ce, en pr\u00e9cisant l\u2019adresse \u00e0 laquelle la r\u00e9ponse doit \u00eatre envoy\u00e9e.<br \/>\nAucune information personnelle de l\u2019utilisateur du site Internet n\u2019est publi\u00e9e \u00e0 l\u2019insu de l\u2019utilisateur, \u00e9chang\u00e9e, transf\u00e9r\u00e9e, c\u00e9d\u00e9e ou vendue sur un support quelconque \u00e0 des tiers. Seule l\u2019hypoth\u00e8se du rachat de PUBLICITE FRANCOIS et de ses droits permettrait la transmission des dites informations \u00e0 l\u2019\u00e9ventuel acqu\u00e9reur qui serait \u00e0 son tour tenu de la m\u00eame obligation de conservation et de modification des donn\u00e9es vis \u00e0 vis de l\u2019utilisateur du site Internet.<br \/>\nLe site n\u2019est pas d\u00e9clar\u00e9 \u00e0 la CNIL.<\/p>\n<h4>liens hypertextes et cookies.<\/h4>\n<p>Le site Internet contient un certain nombre de liens hypertextes vers d\u2019autres sites, mis en place avec l\u2019autorisation de PUBLICITE FRANCOIS. Cependant, PUBLICITE FRANCOIS n\u2019a pas la possibilit\u00e9 de v\u00e9rifier le contenu des sites ainsi visit\u00e9s, et n\u2019assumera en cons\u00e9quence aucune responsabilit\u00e9 de ce fait.<br \/>\nLa navigation sur le site Internet est susceptible de provoquer l\u2019installation de cookie(s) sur l\u2019ordinateur de l\u2019utilisateur. Un cookie est un fichier de petite taille, qui ne permet pas l\u2019identification de l\u2019utilisateur, mais qui enregistre des informations relatives \u00e0 la navigation d\u2019un ordinateur sur un site. Les donn\u00e9es ainsi obtenues visent \u00e0 faciliter la navigation ult\u00e9rieure sur le site, et ont \u00e9galement vocation \u00e0 permettre diverses mesures de fr\u00e9quentation.<\/p>\n<h4>droit applicable et attribution de juridiction.<\/h4>\n<p>Tout litige en relation avec l\u2019utilisation du site Internet www.pubfrancois.fr est soumis au droit fran\u00e7ais.<\/p>\n","protected":false},"excerpt":{"rendered":"<p>Conform\u00e9ment aux dispositions des articles 6-III et 19 de la loi pour la Confiance dans l\u2019\u00c9conomie Num\u00e9rique, nous vous informons que : Le site internet est \u00e9dit\u00e9 par : La soci\u00e9t\u00e9 SAS PUBLICITE FRANCOIS immatricul\u00e9e sous le num\u00e9ro SIRET 907 080 121 00078 et au capital de 1 000 000 \u20ac. SAS PUBLICITE FRANCOIS PARC [&hellip;]<\/p>\n","protected":false},"author":1,"featured_media":0,"parent":0,"menu_order":0,"comment_status":"closed","ping_status":"closed","template":"","meta":{"footnotes":""},"yoast_head":"<!-- This site is optimized with the Yoast SEO plugin v24.5 - https:\/\/yoast.com\/wordpress\/plugins\/seo\/ -->\n<title>Mentions l\u00e9gales - Publicit\u00e9 Fran\u00e7ois Shop<\/title>\n<meta name=\"robots\" content=\"index, follow, max-snippet:-1, max-image-preview:large, max-video-preview:-1\" \/>\n<link rel=\"canonical\" href=\"https:\/\/pubfrancois.fr\/shop\/mentions-legales\/\" \/>\n<meta property=\"og:locale\" content=\"fr_FR\" \/>\n<meta property=\"og:type\" content=\"article\" \/>\n<meta property=\"og:title\" content=\"Mentions l\u00e9gales - Publicit\u00e9 Fran\u00e7ois Shop\" \/>\n<meta property=\"og:description\" content=\"Conform\u00e9ment aux dispositions des articles 6-III et 19 de la loi pour la Confiance dans l\u2019\u00c9conomie Num\u00e9rique, nous vous informons que : Le site internet est \u00e9dit\u00e9 par : La soci\u00e9t\u00e9 SAS PUBLICITE FRANCOIS immatricul\u00e9e sous le num\u00e9ro SIRET 907 080 121 00078 et au capital de 1 000 000 \u20ac. SAS PUBLICITE FRANCOIS PARC [&hellip;]\" \/>\n<meta property=\"og:url\" content=\"https:\/\/pubfrancois.fr\/shop\/mentions-legales\/\" \/>\n<meta property=\"og:site_name\" content=\"Publicit\u00e9 Fran\u00e7ois Shop\" \/>\n<meta property=\"article:modified_time\" content=\"2020-04-17T08:54:56+00:00\" \/>\n<meta name=\"twitter:card\" content=\"summary_large_image\" \/>\n<meta name=\"twitter:label1\" content=\"Dur\u00e9e de lecture estim\u00e9e\" \/>\n\t<meta name=\"twitter:data1\" content=\"5 minutes\" \/>\n<script type=\"application\/ld+json\" class=\"yoast-schema-graph\">{\"@context\":\"https:\/\/schema.org\",\"@graph\":[{\"@type\":\"WebPage\",\"@id\":\"https:\/\/pubfrancois.fr\/shop\/mentions-legales\/\",\"url\":\"https:\/\/pubfrancois.fr\/shop\/mentions-legales\/\",\"name\":\"Mentions l\u00e9gales - Publicit\u00e9 Fran\u00e7ois Shop\",\"isPartOf\":{\"@id\":\"https:\/\/pubfrancois.fr\/shop\/#website\"},\"datePublished\":\"2018-10-01T19:42:36+00:00\",\"dateModified\":\"2020-04-17T08:54:56+00:00\",\"breadcrumb\":{\"@id\":\"https:\/\/pubfrancois.fr\/shop\/mentions-legales\/#breadcrumb\"},\"inLanguage\":\"fr-FR\",\"potentialAction\":[{\"@type\":\"ReadAction\",\"target\":[\"https:\/\/pubfrancois.fr\/shop\/mentions-legales\/\"]}]},{\"@type\":\"BreadcrumbList\",\"@id\":\"https:\/\/pubfrancois.fr\/shop\/mentions-legales\/#breadcrumb\",\"itemListElement\":[{\"@type\":\"ListItem\",\"position\":1,\"name\":\"Accueil\",\"item\":\"https:\/\/pubfrancois.fr\/shop\/\"},{\"@type\":\"ListItem\",\"position\":2,\"name\":\"Mentions l\u00e9gales\"}]},{\"@type\":\"WebSite\",\"@id\":\"https:\/\/pubfrancois.fr\/shop\/#website\",\"url\":\"https:\/\/pubfrancois.fr\/shop\/\",\"name\":\"Publicit\u00e9 Fran\u00e7ois Shop\",\"description\":\"Enseignes et signal\u00e9tique \u00e0 Saint-L\u00f4\",\"publisher\":{\"@id\":\"https:\/\/pubfrancois.fr\/shop\/#organization\"},\"potentialAction\":[{\"@type\":\"SearchAction\",\"target\":{\"@type\":\"EntryPoint\",\"urlTemplate\":\"https:\/\/pubfrancois.fr\/shop\/?s={search_term_string}\"},\"query-input\":{\"@type\":\"PropertyValueSpecification\",\"valueRequired\":true,\"valueName\":\"search_term_string\"}}],\"inLanguage\":\"fr-FR\"},{\"@type\":\"Organization\",\"@id\":\"https:\/\/pubfrancois.fr\/shop\/#organization\",\"name\":\"Publicite Frann\u00e7ois\",\"url\":\"https:\/\/pubfrancois.fr\/shop\/\",\"logo\":{\"@type\":\"ImageObject\",\"inLanguage\":\"fr-FR\",\"@id\":\"https:\/\/pubfrancois.fr\/shop\/#\/schema\/logo\/image\/\",\"url\":\"https:\/\/pubfrancois.fr\/shop\/wp-content\/uploads\/2020\/04\/logo-pub-francois.png\",\"contentUrl\":\"https:\/\/pubfrancois.fr\/shop\/wp-content\/uploads\/2020\/04\/logo-pub-francois.png\",\"width\":270,\"height\":106,\"caption\":\"Publicite Frann\u00e7ois\"},\"image\":{\"@id\":\"https:\/\/pubfrancois.fr\/shop\/#\/schema\/logo\/image\/\"}}]}<\/script>\n<!-- \/ Yoast SEO plugin. -->","yoast_head_json":{"title":"Mentions l\u00e9gales - Publicit\u00e9 Fran\u00e7ois Shop","robots":{"index":"index","follow":"follow","max-snippet":"max-snippet:-1","max-image-preview":"max-image-preview:large","max-video-preview":"max-video-preview:-1"},"canonical":"https:\/\/pubfrancois.fr\/shop\/mentions-legales\/","og_locale":"fr_FR","og_type":"article","og_title":"Mentions l\u00e9gales - Publicit\u00e9 Fran\u00e7ois Shop","og_description":"Conform\u00e9ment aux dispositions des articles 6-III et 19 de la loi pour la Confiance dans l\u2019\u00c9conomie Num\u00e9rique, nous vous informons que : Le site internet est \u00e9dit\u00e9 par : La soci\u00e9t\u00e9 SAS PUBLICITE FRANCOIS immatricul\u00e9e sous le num\u00e9ro SIRET 907 080 121 00078 et au capital de 1 000 000 \u20ac. SAS PUBLICITE FRANCOIS PARC [&hellip;]","og_url":"https:\/\/pubfrancois.fr\/shop\/mentions-legales\/","og_site_name":"Publicit\u00e9 Fran\u00e7ois Shop","article_modified_time":"2020-04-17T08:54:56+00:00","twitter_card":"summary_large_image","twitter_misc":{"Dur\u00e9e de lecture estim\u00e9e":"5 minutes"},"schema":{"@context":"https:\/\/schema.org","@graph":[{"@type":"WebPage","@id":"https:\/\/pubfrancois.fr\/shop\/mentions-legales\/","url":"https:\/\/pubfrancois.fr\/shop\/mentions-legales\/","name":"Mentions l\u00e9gales - Publicit\u00e9 Fran\u00e7ois Shop","isPartOf":{"@id":"https:\/\/pubfrancois.fr\/shop\/#website"},"datePublished":"2018-10-01T19:42:36+00:00","dateModified":"2020-04-17T08:54:56+00:00","breadcrumb":{"@id":"https:\/\/pubfrancois.fr\/shop\/mentions-legales\/#breadcrumb"},"inLanguage":"fr-FR","potentialAction":[{"@type":"ReadAction","target":["https:\/\/pubfrancois.fr\/shop\/mentions-legales\/"]}]},{"@type":"BreadcrumbList","@id":"https:\/\/pubfrancois.fr\/shop\/mentions-legales\/#breadcrumb","itemListElement":[{"@type":"ListItem","position":1,"name":"Accueil","item":"https:\/\/pubfrancois.fr\/shop\/"},{"@type":"ListItem","position":2,"name":"Mentions l\u00e9gales"}]},{"@type":"WebSite","@id":"https:\/\/pubfrancois.fr\/shop\/#website","url":"https:\/\/pubfrancois.fr\/shop\/","name":"Publicit\u00e9 Fran\u00e7ois Shop","description":"Enseignes et signal\u00e9tique \u00e0 Saint-L\u00f4","publisher":{"@id":"https:\/\/pubfrancois.fr\/shop\/#organization"},"potentialAction":[{"@type":"SearchAction","target":{"@type":"EntryPoint","urlTemplate":"https:\/\/pubfrancois.fr\/shop\/?s={search_term_string}"},"query-input":{"@type":"PropertyValueSpecification","valueRequired":true,"valueName":"search_term_string"}}],"inLanguage":"fr-FR"},{"@type":"Organization","@id":"https:\/\/pubfrancois.fr\/shop\/#organization","name":"Publicite Frann\u00e7ois","url":"https:\/\/pubfrancois.fr\/shop\/","logo":{"@type":"ImageObject","inLanguage":"fr-FR","@id":"https:\/\/pubfrancois.fr\/shop\/#\/schema\/logo\/image\/","url":"https:\/\/pubfrancois.fr\/shop\/wp-content\/uploads\/2020\/04\/logo-pub-francois.png","contentUrl":"https:\/\/pubfrancois.fr\/shop\/wp-content\/uploads\/2020\/04\/logo-pub-francois.png","width":270,"height":106,"caption":"Publicite Frann\u00e7ois"},"image":{"@id":"https:\/\/pubfrancois.fr\/shop\/#\/schema\/logo\/image\/"}}]}},"_links":{"self":[{"href":"https:\/\/pubfrancois.fr\/shop\/wp-json\/wp\/v2\/pages\/10289"}],"collection":[{"href":"https:\/\/pubfrancois.fr\/shop\/wp-json\/wp\/v2\/pages"}],"about":[{"href":"https:\/\/pubfrancois.fr\/shop\/wp-json\/wp\/v2\/types\/page"}],"author":[{"embeddable":true,"href":"https:\/\/pubfrancois.fr\/shop\/wp-json\/wp\/v2\/users\/1"}],"replies":[{"embeddable":true,"href":"https:\/\/pubfrancois.fr\/shop\/wp-json\/wp\/v2\/comments?post=10289"}],"version-history":[{"count":7,"href":"https:\/\/pubfrancois.fr\/shop\/wp-json\/wp\/v2\/pages\/10289\/revisions"}],"predecessor-version":[{"id":10538,"href":"https:\/\/pubfrancois.fr\/shop\/wp-json\/wp\/v2\/pages\/10289\/revisions\/10538"}],"wp:attachment":[{"href":"https:\/\/pubfrancois.fr\/shop\/wp-json\/wp\/v2\/media?parent=10289"}],"curies":[{"name":"wp","href":"https:\/\/api.w.org\/{rel}","templated":true}]}}